{"id":674,"date":"2022-06-03T14:06:27","date_gmt":"2022-06-03T12:06:27","guid":{"rendered":"https:\/\/headpressurizers.com\/?page_id=674"},"modified":"2024-05-16T17:00:57","modified_gmt":"2024-05-16T15:00:57","slug":"mantenimiento","status":"publish","type":"page","link":"https:\/\/headpressurizers.com\/fr\/mantenimiento\/","title":{"rendered":"Maintenance"},"content":{"rendered":"<p>[et_pb_section fb_built=\u00bb1&#8243; _builder_version=\u00bb4.17.4&#8243; _module_preset=\u00bbdefault\u00bb background_color=\u00bb#000000&#8243; background_enable_image=\u00bboff\u00bb background_size=\u00bbcontain\u00bb background_position=\u00bbcenter_left\u00bb custom_margin=\u00bb66px||0px||false|false\u00bb custom_margin_tablet=\u00bb100px||||false|false\u00bb custom_margin_phone=\u00bb100px||||false|false\u00bb custom_margin_last_edited=\u00bbon|tablet\u00bb custom_padding=\u00bb10px||10px||false|false\u00bb global_colors_info=\u00bb{}\u00bb][et_pb_row _builder_version=\u00bb4.17.4&#8243; _module_preset=\u00bbdefault\u00bb custom_padding=\u00bb||||false|false\u00bb global_colors_info=\u00bb{}\u00bb][et_pb_column type=\u00bb4_4&#8243; _builder_version=\u00bb4.17.0&#8243; _module_preset=\u00bbdefault\u00bb global_colors_info=\u00bb{}\u00bb][et_pb_divider show_divider=\u00bboff\u00bb _builder_version=\u00bb4.17.4&#8243; _module_preset=\u00bbdefault\u00bb height=\u00bb10px\u00bb global_colors_info=\u00bb{}\u00bb][\/et_pb_divider][et_pb_text admin_label=\u00bbTexto\u00bb _builder_version=\u00bb4.17.4&#8243; _module_preset=\u00bbdefault\u00bb header_font=\u00bbOverpass|700||on|||||\u00bb header_text_align=\u00bbcenter\u00bb header_text_color=\u00bb#FFFFFF\u00bb header_font_size=\u00bb40px\u00bb header_font_size_tablet=\u00bb40px\u00bb header_font_size_phone=\u00bb36px\u00bb header_font_size_last_edited=\u00bbon|phone\u00bb global_colors_info=\u00bb{}\u00bb]<\/p>\n<h1>Maintenance<\/h1>\n<p>[\/et_pb_text][et_pb_text _builder_version=\u00bb4.17.4&#8243; _module_preset=\u00bbdefault\u00bb text_font=\u00bbOverpass|300|||||||\u00bb text_text_color=\u00bb#FFFFFF\u00bb text_font_size=\u00bb22px\u00bb text_orientation=\u00bbcenter\u00bb global_colors_info=\u00bb{}\u00bb]<\/p>\n<p>Assurez-vous du bon fonctionnement de vos produits HEAD PRESSURIZERS en suivant ces quelques conseils de nettoyage et d'entretien.<\/p>\n<p>[\/et_pb_text][\/et_pb_column][\/et_pb_row][et_pb_row column_structure=\u00bb1_3,2_3&#8243; _builder_version=\u00bb4.17.4&#8243; _module_preset=\u00bbdefault\u00bb use_background_color_gradient=\u00bbon\u00bb background_color_gradient_direction=\u00bb182deg\u00bb background_color_gradient_stops=\u00bb#000000 0%|rgba(0,0,0,0.72) 99%\u00bb background_color_gradient_overlays_image=\u00bbon\u00bb background_image=\u00bbhttps:\/\/headpressurizers.com\/wp-content\/uploads\/2022\/06\/head-pressurizers-mantenimiento-01.jpg\u00bb background_size=\u00bbinitial\u00bb background_position=\u00bbcenter_left\u00bb custom_padding=\u00bb||||false|false\u00bb global_colors_info=\u00bb{}\u00bb][et_pb_column type=\u00bb1_3&#8243; _builder_version=\u00bb4.17.0&#8243; _module_preset=\u00bbdefault\u00bb global_colors_info=\u00bb{}\u00bb][\/et_pb_column][et_pb_column type=\u00bb2_3&#8243; _builder_version=\u00bb4.17.0&#8243; _module_preset=\u00bbdefault\u00bb global_colors_info=\u00bb{}\u00bb][et_pb_text _builder_version=\u00bb4.17.4&#8243; _module_preset=\u00bbdefault\u00bb text_font=\u00bbOverpass|300|||||||\u00bb text_text_color=\u00bb#FFFFFF\u00bb text_font_size=\u00bb16px\u00bb text_orientation=\u00bbjustified\u00bb global_colors_info=\u00bb{}\u00bb]<\/p>\n<p>La salet\u00e9 ou les particules de sable pr\u00e9sentes sur les courts de tennis et de padel, ainsi que les poils des balles, peuvent adh\u00e9rer au joint ou au joint torique des pressuriseurs et rendre difficile l'\u00e9tanch\u00e9it\u00e9 de l'air \u00e0 l'int\u00e9rieur du pressuriseur. C'est la raison pour laquelle, <strong>il est essentiel de nettoyer et de lubrifier r\u00e9guli\u00e8rement<\/strong> produits.<\/p>\n<p>[\/et_pb_text][et_pb_text _builder_version=\u00bb4.17.4&#8243; _module_preset=\u00bbdefault\u00bb text_font=\u00bbOverpass|300|||||||\u00bb text_text_color=\u00bb#FFFFFF\u00bb text_font_size=\u00bb16px\u00bb text_orientation=\u00bbjustified\u00bb global_colors_info=\u00bb{}\u00bb]<\/p>\n<p>Pour lubrifier les produits <strong>HEAD PRESSURIZERS<\/strong>, quel que soit le mod\u00e8le, le joint torique doit \u00eatre d\u00e9mont\u00e9 \u00e0 l'aide d'un outil non tranchant et nettoy\u00e9 avec un mouchoir en papier. La cavit\u00e9 o\u00f9 est plac\u00e9 le joint torique doit \u00e9galement \u00eatre nettoy\u00e9e, ainsi que la spirale du joint et l'int\u00e9rieur du couvercle.<\/p>\n<p>[\/et_pb_text][et_pb_text _builder_version=\u00bb4.17.4&#8243; _module_preset=\u00bbdefault\u00bb text_font=\u00bbOverpass|300|||||||\u00bb text_text_color=\u00bb#FFFFFF\u00bb text_font_size=\u00bb16px\u00bb text_orientation=\u00bbjustified\u00bb global_colors_info=\u00bb{}\u00bb]<\/p>\n<p>Ensuite, il est n\u00e9cessaire de lubrifier <strong>pas trop<\/strong> la spirale d'\u00e9tanch\u00e9it\u00e9 et le joint torique avec de la graisse de silicone. Si vous ne disposez pas de graisse silicone, vous pouvez \u00e9galement utiliser de la vaseline \u00e0 base d'eau ou de la glyc\u00e9rine liquide. Il est recommand\u00e9 d'effectuer cette op\u00e9ration deux ou trois fois par an, en fonction de l'utilisation de l'appareil. <strong>HEAD PRESSURIZERS<\/strong>.<\/p>\n<p>[\/et_pb_text][\/et_pb_column][\/et_pb_row][et_pb_row _builder_version=\u00bb4.23.4&#8243; _module_preset=\u00bbdefault\u00bb global_colors_info=\u00bb{}\u00bb][et_pb_column type=\u00bb4_4&#8243; _builder_version=\u00bb4.23.4&#8243; _module_preset=\u00bbdefault\u00bb global_colors_info=\u00bb{}\u00bb][et_pb_heading title=\u00bbVIDEOS\u00bb _builder_version=\u00bb4.23.4&#8243; _module_preset=\u00bbdefault\u00bb title_level=\u00bbh2&#8243; title_font=\u00bb|700|||||||\u00bb title_text_align=\u00bbcenter\u00bb title_text_color=\u00bb#FFFFFF\u00bb custom_margin=\u00bb5px|||||\u00bb global_colors_info=\u00bb{}\u00bb][\/et_pb_heading][\/et_pb_column][\/et_pb_row][et_pb_row column_structure=\u00bb1_2,1_2&#8243; _builder_version=\u00bb4.23.4&#8243; _module_preset=\u00bbdefault\u00bb global_colors_info=\u00bb{}\u00bb][et_pb_column type=\u00bb1_2&#8243; _builder_version=\u00bb4.23.4&#8243; _module_preset=\u00bbdefault\u00bb global_colors_info=\u00bb{}\u00bb][et_pb_toggle title=\u00bbHEAD X3 BLACK\u00bb open_toggle_text_color=\u00bb#000000&#8243; open_toggle_background_color=\u00bb#FFFFFF\u00bb closed_toggle_text_color=\u00bb#ffffff\u00bb closed_toggle_background_color=\u00bb#000000&#8243; _builder_version=\u00bb4.23.4&#8243; _module_preset=\u00bbdefault\u00bb title_level=\u00bbh2&#8243; title_font=\u00bbOverpass|700|||||||\u00bb title_text_align=\u00bbcenter\u00bb closed_title_font=\u00bbOverpass|700|||||||\u00bb closed_title_font_size=\u00bb26px\u00bb body_font=\u00bbOverpass|300|||||||\u00bb body_text_color=\u00bb#000000&#8243; body_font_size=\u00bb18px\u00bb text_orientation=\u00bbleft\u00bb custom_padding=\u00bb||||false|false\u00bb global_colors_info=\u00bb{}\u00bb]<\/p>\n<p>Maintenance<\/p>\n<p><iframe loading=\"lazy\" title=\"Entretien de la t\u00eate x3 Noir #tennis #tennis #padel\" width=\"1080\" height=\"608\" src=\"https:\/\/www.youtube.com\/embed\/_Iqfa56osXI?feature=oembed\"  allow=\"accelerometer; autoplay; clipboard-write; encrypted-media; gyroscope; picture-in-picture; web-share\" allowfullscreen><\/iframe><\/p>\n<p>[\/et_pb_toggle][\/et_pb_column][et_pb_column type=\u00bb1_2&#8243; _builder_version=\u00bb4.23.4&#8243; _module_preset=\u00bbdefault\u00bb global_colors_info=\u00bb{}\u00bb][et_pb_toggle title=\u00bbHEAD X3 \/ X4 PUMP\u00bb open_toggle_text_color=\u00bb#000000&#8243; open_toggle_background_color=\u00bb#FFFFFF\u00bb closed_toggle_text_color=\u00bb#ffffff\u00bb closed_toggle_background_color=\u00bb#000000&#8243; _builder_version=\u00bb4.23.4&#8243; _module_preset=\u00bbdefault\u00bb title_level=\u00bbh2&#8243; title_font=\u00bbOverpass|700|||||||\u00bb title_text_align=\u00bbcenter\u00bb closed_title_font=\u00bbOverpass|700|||||||\u00bb closed_title_font_size=\u00bb26px\u00bb body_font=\u00bbOverpass|300|||||||\u00bb body_text_color=\u00bb#000000&#8243; body_font_size=\u00bb18px\u00bb text_orientation=\u00bbleft\u00bb custom_padding=\u00bb||||false|false\u00bb global_colors_info=\u00bb{}\u00bb]<\/p>\n<p>Maintenance<br \/><iframe loading=\"lazy\" title=\"Entretien de la t\u00eate x3 et x4 Pompe #tennis #tenis #padel\" width=\"1080\" height=\"608\" src=\"https:\/\/www.youtube.com\/embed\/MqQQQv3zWu8?feature=oembed\"  allow=\"accelerometer; autoplay; clipboard-write; encrypted-media; gyroscope; picture-in-picture; web-share\" referrerpolicy=\"strict-origin-when-cross-origin\" allowfullscreen><\/iframe><\/p>\n<p>Assemblage et d\u00e9montage des obusiers<br \/><iframe loading=\"lazy\" title=\"Montage et d\u00e9montage de la coquille dans la pompe Head x3 et la pompe Head x4 #tennis #tenis #padel\" width=\"1080\" height=\"608\" src=\"https:\/\/www.youtube.com\/embed\/hBB5BCXBYcU?feature=oembed\"  allow=\"accelerometer; autoplay; clipboard-write; encrypted-media; gyroscope; picture-in-picture; web-share\" allowfullscreen><\/iframe><\/p>\n<p>[\/et_pb_toggle][\/et_pb_column][\/et_pb_row][et_pb_row column_structure=\u00bb1_2,1_2&#8243; _builder_version=\u00bb4.23.4&#8243; _module_preset=\u00bbdefault\u00bb global_colors_info=\u00bb{}\u00bb][et_pb_column type=\u00bb1_2&#8243; _builder_version=\u00bb4.23.4&#8243; _module_preset=\u00bbdefault\u00bb global_colors_info=\u00bb{}\u00bb][et_pb_toggle title=\u00bbHEAD X100 BASKET\u00bb open_toggle_text_color=\u00bb#000000&#8243; open_toggle_background_color=\u00bb#FFFFFF\u00bb closed_toggle_text_color=\u00bb#ffffff\u00bb closed_toggle_background_color=\u00bb#000000&#8243; _builder_version=\u00bb4.23.4&#8243; _module_preset=\u00bbdefault\u00bb title_level=\u00bbh2&#8243; title_font=\u00bbOverpass|700|||||||\u00bb title_text_align=\u00bbcenter\u00bb closed_title_font=\u00bbOverpass|700|||||||\u00bb closed_title_font_size=\u00bb26px\u00bb body_font=\u00bbOverpass|300|||||||\u00bb body_text_color=\u00bb#000000&#8243; body_font_size=\u00bb18px\u00bb text_orientation=\u00bbleft\u00bb custom_padding=\u00bb||||false|false\u00bb global_colors_info=\u00bb{}\u00bb]<\/p>\n<p>Maintenance<\/p>\n<p><iframe loading=\"lazy\" title=\"maintenir x100basketball. #\u00eate #tennis #padel #pression #bounce #tips #maintenance #maintenance\" width=\"1080\" height=\"608\" src=\"https:\/\/www.youtube.com\/embed\/qlCfb7kjuHQ?feature=oembed\"  allow=\"accelerometer; autoplay; clipboard-write; encrypted-media; gyroscope; picture-in-picture; web-share\" allowfullscreen><\/iframe><\/p>\n<p>[\/et_pb_toggle][\/et_pb_column][et_pb_column type=\u00bb1_2&#8243; _builder_version=\u00bb4.23.4&#8243; _module_preset=\u00bbdefault\u00bb global_colors_info=\u00bb{}\u00bb][et_pb_toggle title=\u00bbBOMBA DE AIRE\u00bb open_toggle_text_color=\u00bb#000000&#8243; open_toggle_background_color=\u00bb#FFFFFF\u00bb closed_toggle_text_color=\u00bb#ffffff\u00bb closed_toggle_background_color=\u00bb#000000&#8243; _builder_version=\u00bb4.23.4&#8243; _module_preset=\u00bbdefault\u00bb title_level=\u00bbh2&#8243; title_font=\u00bbOverpass|700|||||||\u00bb title_text_align=\u00bbcenter\u00bb closed_title_font=\u00bbOverpass|700|||||||\u00bb closed_title_font_size=\u00bb26px\u00bb body_font=\u00bbOverpass|300|||||||\u00bb body_text_color=\u00bb#000000&#8243; body_font_size=\u00bb18px\u00bb text_orientation=\u00bbleft\u00bb custom_padding=\u00bb||||false|false\u00bb global_colors_info=\u00bb{}\u00bb]<\/p>\n<p>Buse interchangeable\u00a0<\/p>\n<p><iframe loading=\"lazy\" title=\"T\u00eate de pompe interchangeable #tennis #tennis #padel\" width=\"1080\" height=\"608\" src=\"https:\/\/www.youtube.com\/embed\/AwNdRObnypI?feature=oembed\"  allow=\"accelerometer; autoplay; clipboard-write; encrypted-media; gyroscope; picture-in-picture; web-share\" allowfullscreen><\/iframe><\/p>\n<p>[\/et_pb_toggle][\/et_pb_column][\/et_pb_row][et_pb_row _builder_version=\u00bb4.17.4&#8243; _module_preset=\u00bbdefault\u00bb global_colors_info=\u00bb{}\u00bb][et_pb_column type=\u00bb4_4&#8243; _builder_version=\u00bb4.17.4&#8243; _module_preset=\u00bbdefault\u00bb global_colors_info=\u00bb{}\u00bb][et_pb_toggle title=\u00bbLIMPIEZA HEAD X3 Y HEAD X4&#8243; open_toggle_background_color=\u00bb#FFFFFF\u00bb closed_toggle_text_color=\u00bb#FFFFFF\u00bb closed_toggle_background_color=\u00bb#000000&#8243; icon_color=\u00bb#c85a19&#8243; toggle_icon=\u00bb&#xe06b;||fa||900&#8243; use_icon_font_size=\u00bbon\u00bb icon_font_size=\u00bb28px\u00bb open_icon_color=\u00bb#c85a19&#8243; open_toggle_icon=\u00bb&#x36;||divi||400&#8243; open_use_icon_font_size=\u00bbon\u00bb open_icon_font_size=\u00bb28px\u00bb _builder_version=\u00bb4.17.4&#8243; _module_preset=\u00bbdefault\u00bb title_level=\u00bbh2&#8243; title_font=\u00bbOverpass|700|||||||\u00bb title_text_align=\u00bbleft\u00bb closed_title_font=\u00bbOverpass|700|||||||\u00bb closed_title_text_align=\u00bbleft\u00bb closed_title_font_size=\u00bb28px\u00bb body_font=\u00bbOverpass|300|||||||\u00bb body_text_color=\u00bb#000000&#8243; body_font_size=\u00bb18px\u00bb custom_padding=\u00bb3em|3em|3em|3em|true|true\u00bb title_font_size_tablet=\u00bb\u00bb title_font_size_phone=\u00bb18px\u00bb title_font_size_last_edited=\u00bbon|phone\u00bb closed_title_font_size_tablet=\u00bb28px\u00bb closed_title_font_size_phone=\u00bb18px\u00bb closed_title_font_size_last_edited=\u00bbon|phone\u00bb global_colors_info=\u00bb{}\u00bb]<\/p>\n<p><img decoding=\"async\" src=\"https:\/\/headpressurizers.com\/wp-content\/uploads\/2022\/06\/head-pressurizers-mantenimiento-tubo.jpg\" alt=\"\" class=\"wp-image-657 alignnone size-medium\" style=\"display: block; margin-left: auto; margin-right: auto;\" width=\"100%\" height=\"auto\" srcset=\"https:\/\/headpressurizers.com\/wp-content\/uploads\/2022\/06\/head-pressurizers-mantenimiento-tubo.jpg 1480w, https:\/\/headpressurizers.com\/wp-content\/uploads\/2022\/06\/head-pressurizers-mantenimiento-tubo-1280x419.jpg 1280w, https:\/\/headpressurizers.com\/wp-content\/uploads\/2022\/06\/head-pressurizers-mantenimiento-tubo-980x320.jpg 980w, https:\/\/headpressurizers.com\/wp-content\/uploads\/2022\/06\/head-pressurizers-mantenimiento-tubo-480x157.jpg 480w\" sizes=\"(min-width: 0px) and (max-width: 480px) 480px, (min-width: 481px) and (max-width: 980px) 980px, (min-width: 981px) and (max-width: 1280px) 1280px, (min-width: 1281px) 1480px, 100vw\" \/><\/p>\n<p>&nbsp;<\/p>\n<p style=\"text-align: center; font-size: 20px;\"><strong>NETTOYER LE PRESSURISEUR DE TEMPS EN TEMPS ET LE LUBRIFIER :<\/strong><\/p>\n<ol style=\"padding-left: 5%; padding-right: 5%; padding-top: 20px;\">\n<li>D\u00e9montez le joint torique avec un objet non tranchant pour ne pas l'endommager et nettoyez-le avec un morceau de papier.<\/li>\n<li>Nettoyez la cavit\u00e9 ou le creux o\u00f9 sont plac\u00e9s le joint torique et la spirale \u00e0 l'aide d'un morceau de papier.<\/li>\n<li>Nettoyer l'int\u00e9rieur du couvercle avec un morceau de papier.<\/li>\n<li>Ne pas lubrifier exag\u00e9r\u00e9ment avec de la graisse de silicone. Nous recommandons la marque WEICON.<\/li>\n<\/ol>\n<p>[\/et_pb_toggle][et_pb_toggle title=\u00bbLIMPIEZA HEAD X100 BASKET\u00bb open_toggle_background_color=\u00bb#FFFFFF\u00bb closed_toggle_text_color=\u00bb#FFFFFF\u00bb closed_toggle_background_color=\u00bb#000000&#8243; icon_color=\u00bb#c85a19&#8243; toggle_icon=\u00bb&#xe06b;||fa||900&#8243; use_icon_font_size=\u00bbon\u00bb icon_font_size=\u00bb28px\u00bb open_icon_color=\u00bb#c85a19&#8243; open_toggle_icon=\u00bb&#x36;||divi||400&#8243; open_use_icon_font_size=\u00bbon\u00bb open_icon_font_size=\u00bb28px\u00bb _builder_version=\u00bb4.17.4&#8243; _module_preset=\u00bbdefault\u00bb title_level=\u00bbh2&#8243; title_font=\u00bbOverpass|700|||||||\u00bb title_text_align=\u00bbleft\u00bb closed_title_font=\u00bbOverpass|700|||||||\u00bb closed_title_text_align=\u00bbleft\u00bb closed_title_font_size=\u00bb28px\u00bb body_font=\u00bbOverpass|300|||||||\u00bb body_text_color=\u00bb#000000&#8243; body_font_size=\u00bb18px\u00bb custom_padding=\u00bb3em|3em|3em|3em|true|true\u00bb title_font_size_tablet=\u00bb\u00bb title_font_size_phone=\u00bb18px\u00bb title_font_size_last_edited=\u00bbon|phone\u00bb closed_title_font_size_tablet=\u00bb28px\u00bb closed_title_font_size_phone=\u00bb18px\u00bb closed_title_font_size_last_edited=\u00bbon|phone\u00bb global_colors_info=\u00bb{}\u00bb]<\/p>\n<p><img decoding=\"async\" src=\"https:\/\/headpressurizers.com\/wp-content\/uploads\/2022\/06\/head-pressurizers-mantenimiento-cubo.jpg\" alt=\"\" class=\"wp-image-657 alignnone size-medium\" style=\"display: block; margin-left: auto; margin-right: auto;\" width=\"100%\" height=\"auto\" \/><\/p>\n<p>&nbsp;<\/p>\n<p style=\"text-align: center; font-size: 20px;\"><strong>NETTOYER ET LUBRIFIER LE GODET \u00c0 PRESSION DE TEMPS EN TEMPS :<\/strong><\/p>\n<ol style=\"padding-left: 5%; padding-right: 5%; padding-top: 20px;\">\n<li>Retirez le couvercle et le joint torique \u00e0 l'aide d'un objet non tranchant afin de ne pas les endommager, et nettoyez-les avec un morceau de papier.<\/li>\n<li>Nettoyez la cavit\u00e9 ou le renfoncement du couvercle o\u00f9 est plac\u00e9 le joint torique \u00e0 l'aide d'un morceau de papier.<\/li>\n<li>Nettoyez le contour de la base o\u00f9 se trouve le joint torique \u00e0 l'aide d'un morceau de papier.<\/li>\n<li>NE SURLUBRIFIEZ PAS le joint torique avec de la graisse de silicone ou de la vaseline neutre. Nous recommandons la marque WEICON.<\/li>\n<\/ol>\n<p>[\/et_pb_toggle][\/et_pb_column][\/et_pb_row][\/et_pb_section].<\/p>","protected":false},"excerpt":{"rendered":"<p>EntretienAssurez le bon fonctionnement de vos produits HEAD PRESSURIZERS gr\u00e2ce \u00e0 ces simples conseils de nettoyage et d'entretienLes particules de salet\u00e9 ou de sable pr\u00e9sentes sur les courts de tennis et de padel, ainsi que les poils de balle, peuvent adh\u00e9rer au joint ou au joint torique des pressuriseurs et nuire \u00e0 l'\u00e9tanch\u00e9it\u00e9 du pressuriseur.<\/p>","protected":false},"author":3,"featured_media":0,"parent":0,"menu_order":0,"comment_status":"closed","ping_status":"closed","template":"","meta":{"_et_pb_use_builder":"on","_et_pb_old_content":"","_et_gb_content_width":"","_joinchat":[],"footnotes":""},"class_list":["post-674","page","type-page","status-publish","hentry"],"_links":{"self":[{"href":"https:\/\/headpressurizers.com\/fr\/wp-json\/wp\/v2\/pages\/674","targetHints":{"allow":["GET"]}}],"collection":[{"href":"https:\/\/headpressurizers.com\/fr\/wp-json\/wp\/v2\/pages"}],"about":[{"href":"https:\/\/headpressurizers.com\/fr\/wp-json\/wp\/v2\/types\/page"}],"author":[{"embeddable":true,"href":"https:\/\/headpressurizers.com\/fr\/wp-json\/wp\/v2\/users\/3"}],"replies":[{"embeddable":true,"href":"https:\/\/headpressurizers.com\/fr\/wp-json\/wp\/v2\/comments?post=674"}],"version-history":[{"count":4,"href":"https:\/\/headpressurizers.com\/fr\/wp-json\/wp\/v2\/pages\/674\/revisions"}],"predecessor-version":[{"id":6541,"href":"https:\/\/headpressurizers.com\/fr\/wp-json\/wp\/v2\/pages\/674\/revisions\/6541"}],"wp:attachment":[{"href":"https:\/\/headpressurizers.com\/fr\/wp-json\/wp\/v2\/media?parent=674"}],"curies":[{"name":"wp","href":"https:\/\/api.w.org\/{rel}","templated":true}]}}