{"id":1226,"date":"2022-06-13T15:21:41","date_gmt":"2022-06-13T13:21:41","guid":{"rendered":"https:\/\/headpressurizers.com\/?page_id=1226"},"modified":"2022-06-13T15:32:04","modified_gmt":"2022-06-13T13:32:04","slug":"politique-de-cookies","status":"publish","type":"page","link":"https:\/\/headpressurizers.com\/fr\/politique-de-cookies\/","title":{"rendered":"Politique en mati\u00e8re de cookies"},"content":{"rendered":"<p>[et_pb_section fb_built=\u00bb1&#8243; _builder_version=\u00bb4.17.4&#8243; _module_preset=\u00bbdefault\u00bb background_color=\u00bb#000000&#8243; background_enable_image=\u00bboff\u00bb background_size=\u00bbcontain\u00bb background_position=\u00bbcenter_left\u00bb custom_margin=\u00bb66px||0px||false|false\u00bb custom_margin_tablet=\u00bb100px||||false|false\u00bb custom_margin_phone=\u00bb100px||||false|false\u00bb custom_margin_last_edited=\u00bbon|tablet\u00bb custom_padding=\u00bb10px||10px||false|false\u00bb global_colors_info=\u00bb{}\u00bb][et_pb_row _builder_version=\u00bb4.17.4&#8243; _module_preset=\u00bbdefault\u00bb custom_padding=\u00bb||||false|false\u00bb global_colors_info=\u00bb{}\u00bb][et_pb_column type=\u00bb4_4&#8243; _builder_version=\u00bb4.17.0&#8243; _module_preset=\u00bbdefault\u00bb global_colors_info=\u00bb{}\u00bb][et_pb_divider show_divider=\u00bboff\u00bb _builder_version=\u00bb4.17.4&#8243; _module_preset=\u00bbdefault\u00bb height=\u00bb10px\u00bb global_colors_info=\u00bb{}\u00bb][\/et_pb_divider][et_pb_text _builder_version=\u00bb4.17.4&#8243; _module_preset=\u00bbdefault\u00bb header_font=\u00bbOverpass|700||on|||||\u00bb header_text_align=\u00bbcenter\u00bb header_text_color=\u00bb#FFFFFF\u00bb header_font_size=\u00bb40px\u00bb hover_enabled=\u00bb0&#8243; global_colors_info=\u00bb{}\u00bb sticky_enabled=\u00bb0&#8243;]<\/p>\n<h1>Politique de cookies<\/h1>\n<p>[\/et_pb_text][et_pb_text _builder_version=\u00bb4.17.4&#8243; _module_preset=\u00bbdefault\u00bb text_font=\u00bbOverpass|300|||||||\u00bb text_text_color=\u00bb#FFFFFF\u00bb text_font_size=\u00bb15px\u00bb text_orientation=\u00bbjustified\u00bb hover_enabled=\u00bb0&#8243; global_colors_info=\u00bb{}\u00bb sticky_enabled=\u00bb0&#8243;]FORMULEWOIT. communique aux utilisateurs, par le biais de cet avis, qu&#8217;il peut utiliser des cookies lorsque l&#8217;utilisateur navigue \u00e0 travers les diff\u00e9rents \u00e9crans et pages du site.<\/p>\n<p>En utilisant notre site Web, vous acceptez et autorisez express\u00e9ment l&#8217;utilisation de cookies, conform\u00e9ment \u00e0 notre politique de confidentialit\u00e9.[\/et_pb_text][\/et_pb_column][\/et_pb_row][et_pb_row _builder_version=\u00bb4.17.4&#8243; _module_preset=\u00bbdefault\u00bb custom_padding=\u00bb||||false|false\u00bb global_colors_info=\u00bb{}\u00bb][et_pb_column type=\u00bb4_4&#8243; _builder_version=\u00bb4.17.0&#8243; _module_preset=\u00bbdefault\u00bb global_colors_info=\u00bb{}\u00bb][et_pb_divider show_divider=\u00bboff\u00bb _builder_version=\u00bb4.17.4&#8243; _module_preset=\u00bbdefault\u00bb height=\u00bb10px\u00bb global_colors_info=\u00bb{}\u00bb][\/et_pb_divider][et_pb_text _builder_version=\u00bb4.17.4&#8243; _module_preset=\u00bbdefault\u00bb text_font=\u00bbOverpass|700||on|||||\u00bb text_text_color=\u00bb#FFFFFF\u00bb text_font_size=\u00bb32px\u00bb header_font=\u00bbOverpass|700|||||||\u00bb header_text_align=\u00bbcenter\u00bb header_text_color=\u00bb#FFFFFF\u00bb header_font_size=\u00bb40px\u00bb hover_enabled=\u00bb0&#8243; global_colors_info=\u00bb{}\u00bb sticky_enabled=\u00bb0&#8243;]Que sont les cookies ?[\/et_pb_text][et_pb_text _builder_version=\u00bb4.17.4&#8243; _module_preset=\u00bbdefault\u00bb text_font=\u00bbOverpass|300|||||||\u00bb text_text_color=\u00bb#FFFFFF\u00bb text_font_size=\u00bb15px\u00bb text_orientation=\u00bbjustified\u00bb hover_enabled=\u00bb0&#8243; global_colors_info=\u00bb{}\u00bb sticky_enabled=\u00bb0&#8243;]Un cookie est un tr\u00e8s petit fichier texte qu&#8217;un serveur Web peut enregistrer sur le disque dur d&#8217;un ordinateur pour stocker certains types d&#8217;informations sur l&#8217;utilisateur. Le cookie identifie de mani\u00e8re unique votre ordinateur et ne peut \u00eatre lu que par le site Web qui l&#8217;a envoy\u00e9 \u00e0 votre ordinateur.<\/p>\n<p>Un cookie n&#8217;est pas un fichier ou un programme ex\u00e9cutable et ne peut donc pas propager ou contenir un virus ou un autre logiciel malveillant, ni d\u00e9passer 4 000 caract\u00e8res.[\/et_pb_text][\/et_pb_column][\/et_pb_row][et_pb_row _builder_version=\u00bb4.17.4&#8243; _module_preset=\u00bbdefault\u00bb custom_padding=\u00bb||||false|false\u00bb global_colors_info=\u00bb{}\u00bb][et_pb_column type=\u00bb4_4&#8243; _builder_version=\u00bb4.17.0&#8243; _module_preset=\u00bbdefault\u00bb global_colors_info=\u00bb{}\u00bb][et_pb_divider show_divider=\u00bboff\u00bb _builder_version=\u00bb4.17.4&#8243; _module_preset=\u00bbdefault\u00bb height=\u00bb10px\u00bb global_colors_info=\u00bb{}\u00bb][\/et_pb_divider][et_pb_text _builder_version=\u00bb4.17.4&#8243; _module_preset=\u00bbdefault\u00bb text_font=\u00bbOverpass|700||on|||||\u00bb text_text_color=\u00bb#FFFFFF\u00bb text_font_size=\u00bb32px\u00bb header_font=\u00bbOverpass|700|||||||\u00bb header_text_align=\u00bbcenter\u00bb header_text_color=\u00bb#FFFFFF\u00bb header_font_size=\u00bb40px\u00bb hover_enabled=\u00bb0&#8243; global_colors_info=\u00bb{}\u00bb sticky_enabled=\u00bb0&#8243;]A quoi servent les cookies ?[\/et_pb_text][et_pb_text _builder_version=\u00bb4.17.4&#8243; _module_preset=\u00bbdefault\u00bb text_font=\u00bbOverpass|300|||||||\u00bb text_text_color=\u00bb#FFFFFF\u00bb text_font_size=\u00bb15px\u00bb text_orientation=\u00bbjustified\u00bb hover_enabled=\u00bb0&#8243; global_colors_info=\u00bb{}\u00bb sticky_enabled=\u00bb0&#8243;]L&#8217;utilisation de cookies a pour seul but de m\u00e9moriser les pr\u00e9f\u00e9rences de l&#8217;utilisateur (langue, pays, login, caract\u00e9ristiques du navigateur, informations sur l&#8217;utilisation de notre site Web, etc.)<\/p>\n<p>En m\u00e9morisant vos pr\u00e9f\u00e9rences, nous n&#8217;aurons pas \u00e0, par exemple, vous demander votre pays chaque fois que vous visitez notre site Web. Nous conna\u00eetrons les caract\u00e9ristiques de l&#8217;ordinateur que vous utilisez et nous pourrons ainsi vous offrir une meilleure exp\u00e9rience de navigation. Les cookies peuvent aider notre site Web \u00e0 distinguer le navigateur de l&#8217;utilisateur en tant que visiteur pr\u00e9c\u00e9dent et ainsi enregistrer et m\u00e9moriser les pr\u00e9f\u00e9rences qui ont pu \u00eatre d\u00e9finies pendant que l&#8217;utilisateur naviguait sur le site, personnaliser les pages d&#8217;accueil, identifier les secteurs d&#8217;un site qui ont \u00e9t\u00e9 visit\u00e9s ou conserver une trace de s\u00e9lections dans un \u00abpanier\u00bb.<\/p>\n<p>FORMULEWOIT. peut utiliser des cookies afin de reconna\u00eetre les utilisateurs qui se sont inscrits et de pouvoir leur offrir un service meilleur et plus personnalis\u00e9. Ils peuvent \u00e9galement \u00eatre utilis\u00e9s pour obtenir des informations sur la date et l&#8217;heure de la derni\u00e8re visite de l&#8217;utilisateur, mesurer certains param\u00e8tres de trafic au sein du site lui-m\u00eame et estimer le nombre de visites effectu\u00e9es, de sorte que FORMULATWOIT. peut cibler et ajuster plus efficacement les services et les promotions.<\/p>\n<p>Les sites Web utilisent normalement des cookies pour obtenir des informations statistiques sur leurs pages Web. Veuillez noter que nous recueillons des donn\u00e9es sur vos d\u00e9placements et l&#8217;utilisation de notre site Web en tant que donn\u00e9es statistiques et non en tant que donn\u00e9es personnelles.[\/et_pb_text][\/et_pb_column][\/et_pb_row][et_pb_row _builder_version=\u00bb4.17.4&#8243; _module_preset=\u00bbdefault\u00bb custom_padding=\u00bb||||false|false\u00bb global_colors_info=\u00bb{}\u00bb][et_pb_column type=\u00bb4_4&#8243; _builder_version=\u00bb4.17.0&#8243; _module_preset=\u00bbdefault\u00bb global_colors_info=\u00bb{}\u00bb][et_pb_divider show_divider=\u00bboff\u00bb _builder_version=\u00bb4.17.4&#8243; _module_preset=\u00bbdefault\u00bb height=\u00bb10px\u00bb global_colors_info=\u00bb{}\u00bb][\/et_pb_divider][et_pb_text _builder_version=\u00bb4.17.4&#8243; _module_preset=\u00bbdefault\u00bb text_font=\u00bbOverpass|700||on|||||\u00bb text_text_color=\u00bb#FFFFFF\u00bb text_font_size=\u00bb32px\u00bb header_font=\u00bbOverpass|700|||||||\u00bb header_text_align=\u00bbcenter\u00bb header_text_color=\u00bb#FFFFFF\u00bb header_font_size=\u00bb40px\u00bb hover_enabled=\u00bb0&#8243; global_colors_info=\u00bb{}\u00bb sticky_enabled=\u00bb0&#8243;]Types de cookies[\/et_pb_text][et_pb_text _builder_version=\u00bb4.17.4&#8243; _module_preset=\u00bbdefault\u00bb text_font=\u00bbOverpass|300|||||||\u00bb text_text_color=\u00bb#FFFFFF\u00bb text_font_size=\u00bb15px\u00bb text_orientation=\u00bbjustified\u00bb hover_enabled=\u00bb0&#8243; global_colors_info=\u00bb{}\u00bb sticky_enabled=\u00bb0&#8243;]Les cookies peuvent \u00eatre class\u00e9s selon l&#8217;entit\u00e9 qui les g\u00e8re, la dur\u00e9e pendant laquelle ils restent actifs ou selon leur finalit\u00e9. \u00c0 certaines occasions, nous pouvons v\u00e9rifier que le m\u00eame cookie peut \u00eatre inclus dans plusieurs cat\u00e9gories.[\/et_pb_text][et_pb_text _builder_version=\u00bb4.17.4&#8243; _module_preset=\u00bbdefault\u00bb text_font=\u00bbOverpass|700||on|on||||\u00bb text_text_color=\u00bb#FFFFFF\u00bb text_font_size=\u00bb24px\u00bb text_orientation=\u00bbjustified\u00bb hover_enabled=\u00bb0&#8243; global_colors_info=\u00bb{}\u00bb sticky_enabled=\u00bb0&#8243;]Selon votre propri\u00e9t\u00e9[\/et_pb_text][et_pb_text _builder_version=\u00bb4.17.4&#8243; _module_preset=\u00bbdefault\u00bb text_font=\u00bbOverpass|300|||||||\u00bb text_text_color=\u00bb#FFFFFF\u00bb text_font_size=\u00bb15px\u00bb text_orientation=\u00bbjustified\u00bb hover_enabled=\u00bb0&#8243; global_colors_info=\u00bb{}\u00bb sticky_enabled=\u00bb0&#8243;]<\/p>\n<ul>\n<li><strong>Cookies propres<\/strong>\u00a0: ce sont ceux qui sont envoy\u00e9s \u00e0 l&#8217;ordinateur de l&#8217;utilisateur \u00e0 partir d&#8217;un ordinateur ou d&#8217;un domaine g\u00e9r\u00e9 par<\/li>\n<li><strong>Cookies tiers\u00a0: <\/strong>sont ceux qui sont envoy\u00e9s \u00e0 l&#8217;\u00e9quipement terminal de l&#8217;utilisateur \u00e0 partir d&#8217;un ordinateur ou d&#8217;un domaine qui n&#8217;est pas g\u00e9r\u00e9 par l&#8217;\u00e9diteur, mais par une autre entit\u00e9 qui traite les donn\u00e9es obtenues gr\u00e2ce aux cookies. .<\/li>\n<\/ul>\n<p>[\/et_pb_text][et_pb_text _builder_version=\u00bb4.17.4&#8243; _module_preset=\u00bbdefault\u00bb text_font=\u00bbOverpass|700||on|on||||\u00bb text_text_color=\u00bb#FFFFFF\u00bb text_font_size=\u00bb24px\u00bb text_orientation=\u00bbjustified\u00bb hover_enabled=\u00bb0&#8243; global_colors_info=\u00bb{}\u00bb sticky_enabled=\u00bb0&#8243;]Selon votre dur\u00e9e de vie[\/et_pb_text][et_pb_text _builder_version=\u00bb4.17.4&#8243; _module_preset=\u00bbdefault\u00bb text_font=\u00bbOverpass|300|||||||\u00bb text_text_color=\u00bb#FFFFFF\u00bb text_font_size=\u00bb15px\u00bb text_orientation=\u00bbjustified\u00bb hover_enabled=\u00bb0&#8243; global_colors_info=\u00bb{}\u00bb sticky_enabled=\u00bb0&#8243;]<\/p>\n<ul>\n<li><strong>Cookies de session<\/strong>\u00a0: ce sont ceux qui collectent des donn\u00e9es pendant que l&#8217;utilisateur navigue sur la page Web.<\/li>\n<li><strong>Cookies persistants<\/strong>\u00a0: ce sont ceux dans lesquels les donn\u00e9es sont encore stock\u00e9es dans le terminal et peuvent \u00eatre consult\u00e9es et trait\u00e9es pendant une p\u00e9riode d\u00e9finie par la personne responsable du cookie, et qui peut aller d&#8217;une quelques minutes \u00e0 plusieurs ann\u00e9es.<\/li>\n<\/ul>\n<p>[\/et_pb_text][et_pb_text _builder_version=\u00bb4.17.4&#8243; _module_preset=\u00bbdefault\u00bb text_font=\u00bbOverpass|700||on|on||||\u00bb text_text_color=\u00bb#FFFFFF\u00bb text_font_size=\u00bb24px\u00bb text_orientation=\u00bbjustified\u00bb hover_enabled=\u00bb0&#8243; global_colors_info=\u00bb{}\u00bb sticky_enabled=\u00bb0&#8243;]En fonction de son objectif[\/et_pb_text][et_pb_text _builder_version=\u00bb4.17.4&#8243; _module_preset=\u00bbdefault\u00bb text_font=\u00bbOverpass|300|||||||\u00bb text_text_color=\u00bb#FFFFFF\u00bb text_font_size=\u00bb15px\u00bb text_orientation=\u00bbjustified\u00bb hover_enabled=\u00bb0&#8243; global_colors_info=\u00bb{}\u00bb sticky_enabled=\u00bb0&#8243;]<\/p>\n<ul>\n<li><strong>Cookies techniques<\/strong>\u00a0: ce sont ceux qui sont utilis\u00e9s en interne et qui sont n\u00e9cessaires au fonctionnement du site Web.<\/li>\n<li><strong>Cookies analytiques<\/strong>\u00a0: ce sont ceux qui permettent la collecte d&#8217;informations statistiques sur l&#8217;activit\u00e9 des utilisateurs. Ces informations sont collect\u00e9es de mani\u00e8re anonyme et nous permettent d&#8217;optimiser la navigation sur notre site afin de garantir un meilleur service \u00e0 l&#8217;utilisateur.<\/li>\n<li><strong>Cookies de personnalisation<\/strong>\u00a0: ce sont ceux qui permettent \u00e0 l&#8217;utilisateur d&#8217;acc\u00e9der au service avec certaines caract\u00e9ristiques g\u00e9n\u00e9rales pr\u00e9d\u00e9finies en fonction d&#8217;une s\u00e9rie de crit\u00e8res dans le terminal de l&#8217;utilisateur, tels que la langue, le type de navigateur via \u00e0 partir duquel vous acc\u00e9dez au service, la configuration r\u00e9gionale \u00e0 partir de laquelle vous acc\u00e9dez au service, etc.<\/li>\n<li><strong>Cookies publicitaires<\/strong>\u00a0: ce sont ceux qui permettent la gestion, de la mani\u00e8re la plus efficace possible, des espaces publicitaires que, le cas \u00e9ch\u00e9ant, l&#8217;\u00e9diteur a inclus dans une page Web, une application ou une plate-forme de celui qui fournit le service demand\u00e9 en fonction de crit\u00e8res tels que le contenu \u00e9dit\u00e9 ou la fr\u00e9quence d&#8217;affichage des publicit\u00e9s.<\/li>\n<li><strong>Cookies publicitaires comportementaux\u00a0: <\/strong>Ce sont ceux qui permettent la gestion, de la mani\u00e8re la plus efficace possible, des espaces publicitaires que, le cas \u00e9ch\u00e9ant, l&#8217;\u00e9diteur a inclus dans une page Web, une application ou une plateforme \u00e0 partir duquel le service demand\u00e9 est fourni. Ces cookies stockent des informations sur le comportement des utilisateurs obtenues gr\u00e2ce \u00e0 l&#8217;observation continue de leurs habitudes de navigation, ce qui permet le d\u00e9veloppement d&#8217;un profil sp\u00e9cifique pour afficher des publicit\u00e9s bas\u00e9es sur celui-ci.<\/li>\n<\/ul>\n<p>[\/et_pb_text][et_pb_text _builder_version=\u00bb4.17.4&#8243; _module_preset=\u00bbdefault\u00bb text_font=\u00bbOverpass|300|||||||\u00bb text_text_color=\u00bb#FFFFFF\u00bb text_font_size=\u00bb15px\u00bb text_orientation=\u00bbjustified\u00bb hover_enabled=\u00bb0&#8243; global_colors_info=\u00bb{}\u00bb sticky_enabled=\u00bb0&#8243;]Vous trouverez ci-dessous une liste des cookies que vous pouvez trouver sur notre site Web et une br\u00e8ve description de leur objectif. Nous vous assurons qu&#8217;aucun d&#8217;entre eux ne conserve d&#8217;informations personnellement identifiables vous concernant. Certains cookies personnalisent votre visite, d&#8217;autres m\u00e9morisent vos pr\u00e9f\u00e9rences, tandis que d&#8217;autres nous fournissent uniquement des statistiques de fr\u00e9quentation.[\/et_pb_text][\/et_pb_column][\/et_pb_row][et_pb_row _builder_version=\u00bb4.17.4&#8243; _module_preset=\u00bbdefault\u00bb custom_padding=\u00bb||||false|false\u00bb global_colors_info=\u00bb{}\u00bb][et_pb_column type=\u00bb4_4&#8243; _builder_version=\u00bb4.17.0&#8243; _module_preset=\u00bbdefault\u00bb global_colors_info=\u00bb{}\u00bb][et_pb_divider show_divider=\u00bboff\u00bb _builder_version=\u00bb4.17.4&#8243; _module_preset=\u00bbdefault\u00bb height=\u00bb10px\u00bb global_colors_info=\u00bb{}\u00bb][\/et_pb_divider][et_pb_text _builder_version=\u00bb4.17.4&#8243; _module_preset=\u00bbdefault\u00bb text_font=\u00bbOverpass|300|||||||\u00bb text_text_color=\u00bb#FFFFFF\u00bb text_font_size=\u00bb15px\u00bb text_orientation=\u00bbjustified\u00bb hover_enabled=\u00bb0&#8243; global_colors_info=\u00bb{}\u00bb sticky_enabled=\u00bb0&#8243;]<\/p>\n<div style=\"overflow-x: auto;\">\n<table style=\"width: 100%;\">\n<tbody>\n<tr>\n<td><strong><em>Cookie<\/em><\/strong><\/td>\n<td><strong><em>La description<\/em><\/strong><\/td>\n<td><strong><em>Dur\u00e9e<\/em><\/strong><\/td>\n<td><strong><em>Police de caract\u00e8re<\/em><\/strong><\/td>\n<\/tr>\n<tr>\n<td><strong><em>__utma<\/em><\/strong><\/td>\n<td><em>Identification des visiteurs uniques\u00a0: utilis\u00e9 pour enregistrer les visiteurs uniques \u00e0 des fins statistiques et analytiques.<\/em><\/td>\n<td><em>2 ans<\/em><\/td>\n<td><em>Google <\/em><em>(Analytic)<\/em><\/td>\n<\/tr>\n<tr>\n<td><strong><em>__utmb<\/em><\/strong><\/td>\n<td><em>D\u00e9termination de la session du visiteur : Google Analytics utilise deux cookies pour \u00e9tablir une session. Si l&#8217;un de ces deux cookies est manquant, une autre activit\u00e9 initie le d\u00e9but d&#8217;une nouvelle session.<\/em><\/td>\n<td><em>30 minutes<\/em><\/td>\n<td><em>Google <\/em><em>(Analytic)<\/em><\/td>\n<\/tr>\n<tr>\n<td><strong><em>__utmc<\/em><\/strong><\/td>\n<td><em>D\u00e9termination de la session du visiteur : Google Analytics utilise deux cookies pour \u00e9tablir une session. Si l&#8217;un de ces deux cookies est manquant, une autre activit\u00e9 initie le d\u00e9but d&#8217;une nouvelle session.<\/em><\/td>\n<td><em>Session<\/em><\/td>\n<td><em>Google <\/em><em>(Analytic)<\/em><\/td>\n<\/tr>\n<tr>\n<td><strong><em>__utmz<\/em><\/strong><\/td>\n<td><em>Journal des sources de trafic et de navigation : Utilis\u00e9 pour enregistrer comment vous \u00eates arriv\u00e9 sur notre site (par une recherche Google, une publicit\u00e9, etc.) et les chemins que vous suivez en naviguant sur notre site. Nous utilisons ces informations pour am\u00e9liorer l&#8217;exp\u00e9rience utilisateur dans les futures mises \u00e0 jour.<\/em><\/td>\n<td><em>6 mois<\/em><\/td>\n<td><em>Google <\/em><em>(Analytic)<\/em><\/td>\n<\/tr>\n<tr>\n<td><strong><em>ga<\/em><\/strong><\/td>\n<td><em>Cookie utilis\u00e9 par Google Analytics qui contient un identifiant anonyme utilis\u00e9 pour distinguer les utilisateurs<\/em><\/td>\n<td><em>Session<\/em><\/td>\n<td><em>Google <\/em><em>(Analytic)<\/em><\/td>\n<\/tr>\n<tr>\n<td><strong><em>CONSENT<\/em><\/strong><\/td>\n<td><em>Ce cookie est d\u00e9fini par YouTube via des vid\u00e9os YouTube int\u00e9gr\u00e9es et enregistre des donn\u00e9es statistiques anonymes.<\/em><\/td>\n<td><em>permanent<\/em><\/td>\n<td><em>Google <\/em><em>(Analytic)<\/em><\/td>\n<\/tr>\n<tr>\n<td><strong><em>cookielawinfo-checkbox<\/em><\/strong><\/td>\n<td><em>Cookies des param\u00e8tres des cookies<\/em><\/td>\n<td><em>11 mois<\/em><\/td>\n<td><em>poss\u00e9der<\/em><\/td>\n<\/tr>\n<\/tbody>\n<\/table>\n<\/div>\n<p>[\/et_pb_text][\/et_pb_column][\/et_pb_row][et_pb_row _builder_version=\u00bb4.17.4&#8243; _module_preset=\u00bbdefault\u00bb custom_padding=\u00bb||||false|false\u00bb global_colors_info=\u00bb{}\u00bb][et_pb_column type=\u00bb4_4&#8243; _builder_version=\u00bb4.17.0&#8243; _module_preset=\u00bbdefault\u00bb global_colors_info=\u00bb{}\u00bb][et_pb_divider show_divider=\u00bboff\u00bb _builder_version=\u00bb4.17.4&#8243; _module_preset=\u00bbdefault\u00bb height=\u00bb10px\u00bb global_colors_info=\u00bb{}\u00bb][\/et_pb_divider][et_pb_text _builder_version=\u00bb4.17.4&#8243; _module_preset=\u00bbdefault\u00bb text_font=\u00bbOverpass|300|||||||\u00bb text_text_color=\u00bb#FFFFFF\u00bb text_font_size=\u00bb15px\u00bb link_text_color=\u00bb#c85a19&#8243; text_orientation=\u00bbjustified\u00bb hover_enabled=\u00bb0&#8243; global_colors_info=\u00bb{}\u00bb sticky_enabled=\u00bb0&#8243;]<\/p>\n<p>Dans le cas des <em>cookies<\/em> Google Analytics, cette soci\u00e9t\u00e9 stocke les <em>cookies<\/em> sur des serveurs situ\u00e9s aux \u00c9tats-Unis et s&#8217;engage \u00e0 ne pas les partager avec des tiers, sauf dans le les cas o\u00f9 cela est n\u00e9cessaire au fonctionnement du syst\u00e8me ou lorsque la loi l&#8217;exige. Selon Google, il ne stocke pas votre adresse IP. Si vous souhaitez des informations sur l&#8217;utilisation que Google fait des cookies <a href=\"https:\/\/developers.google.com\/analytics\/devguides\/collection\/analyticsjs\/cookie-usage?hl=es&amp;csw=1\" target=\" _blank\" rel=\"noopener\">nous joignons ce lien<\/a>.<\/p>\n<p>[\/et_pb_text][\/et_pb_column][\/et_pb_row][et_pb_row _builder_version=\u00bb4.17.4&#8243; _module_preset=\u00bbdefault\u00bb custom_padding=\u00bb||||false|false\u00bb global_colors_info=\u00bb{}\u00bb][et_pb_column type=\u00bb4_4&#8243; _builder_version=\u00bb4.17.0&#8243; _module_preset=\u00bbdefault\u00bb global_colors_info=\u00bb{}\u00bb][et_pb_divider show_divider=\u00bboff\u00bb _builder_version=\u00bb4.17.4&#8243; _module_preset=\u00bbdefault\u00bb height=\u00bb10px\u00bb global_colors_info=\u00bb{}\u00bb][\/et_pb_divider][et_pb_text _builder_version=\u00bb4.17.4&#8243; _module_preset=\u00bbdefault\u00bb text_font=\u00bbOverpass|700||on|||||\u00bb text_text_color=\u00bb#FFFFFF\u00bb text_font_size=\u00bb32px\u00bb header_font=\u00bbOverpass|700|||||||\u00bb header_text_align=\u00bbcenter\u00bb header_text_color=\u00bb#FFFFFF\u00bb header_font_size=\u00bb40px\u00bb hover_enabled=\u00bb0&#8243; global_colors_info=\u00bb{}\u00bb sticky_enabled=\u00bb0&#8243;]Garanties de protection[\/et_pb_text][et_pb_text _builder_version=\u00bb4.17.4&#8243; _module_preset=\u00bbdefault\u00bb text_font=\u00bbOverpass|300|||||||\u00bb text_text_color=\u00bb#FFFFFF\u00bb text_font_size=\u00bb15px\u00bb text_orientation=\u00bbjustified\u00bb hover_enabled=\u00bb0&#8243; global_colors_info=\u00bb{}\u00bb sticky_enabled=\u00bb0&#8243;]L&#8217;utilisateur peut configurer son navigateur pour accepter ou non les cookies qu&#8217;il re\u00e7oit ou pour que le navigateur l&#8217;avertit lorsqu&#8217;un serveur souhaite enregistrer un cookie ou les supprimer de son ordinateur. Vous pouvez trouver les instructions dans les param\u00e8tres de s\u00e9curit\u00e9 de votre navigateur Web.[\/et_pb_text][et_pb_text _builder_version=\u00bb4.17.4&#8243; _module_preset=\u00bbdefault\u00bb text_font=\u00bbOverpass|300|||||||\u00bb text_text_color=\u00bb#FFFFFF\u00bb text_font_size=\u00bb15px\u00bb text_orientation=\u00bbjustified\u00bb hover_enabled=\u00bb0&#8243; global_colors_info=\u00bb{}\u00bb sticky_enabled=\u00bb0&#8243;]<\/p>\n<p>Exemples\u00a0:<\/p>\n<ul>\n<li>Si vous utilisez Microsoft Internet Explorer, dans l&#8217;option de menu Outils &gt; Options Internet > Confidentialit\u00e9 &gt; Configuration.<\/li>\n<li>Si vous utilisez Firefox, dans l&#8217;option de menu Outils &gt; Options &gt; Confidentialit\u00e9 &gt; Cookies.<\/li>\n<li>Si vous utilisez Google Chrome, dans l&#8217;option de menu Param\u00e8tres &gt; Confidentialit\u00e9<\/li>\n<li>Si vous utilisez Safari, dans l&#8217;option de menu Pr\u00e9f\u00e9rences &gt; S\u00e9curit\u00e9<\/li>\n<\/ul>\n<p>[\/et_pb_text][et_pb_text _builder_version=\u00bb4.17.4&#8243; _module_preset=\u00bbdefault\u00bb text_font=\u00bbOverpass|300|||||||\u00bb text_text_color=\u00bb#FFFFFF\u00bb text_font_size=\u00bb15px\u00bb text_orientation=\u00bbjustified\u00bb hover_enabled=\u00bb0&#8243; global_colors_info=\u00bb{}\u00bb sticky_enabled=\u00bb0&#8243;]<\/p>\n<p>Vous pouvez utiliser la rubrique \u00abAide\u00bb pr\u00e9sente dans la barre d&#8217;outils de la plupart des navigateurs pour modifier les param\u00e8tres de votre ordinateur, cependant certaines fonctionnalit\u00e9s de nos services en ligne peuvent ne pas fonctionner ou \u00eatre plus compliqu\u00e9es d&#8217;acc\u00e8s si vous refusez tous les cookies .<\/p>\n<p>De nombreux navigateurs vous permettent d&#8217;activer un mode priv\u00e9 dans lequel les cookies sont toujours supprim\u00e9s apr\u00e8s votre visite. Selon chaque navigateur, ce mode priv\u00e9 peut avoir des noms diff\u00e9rents, vous trouverez ci-dessous une liste des navigateurs les plus courants et les diff\u00e9rents noms de ce \u00ab mode priv\u00e9 \u00bb :<\/p>\n<p>\u2013 Internet Explorer 8 et sup\u00e9rieur\u00a0: InPrivate<\/p>\n<p>\u2013 FireFox\u00a03.5 et sup\u00e9rieur\u00a0: navigation priv\u00e9e<\/p>\n<p>\u2013\u00a0Google\u00a0Chrome\u00a010 et versions ult\u00e9rieures\u00a0: navigation priv\u00e9e<\/p>\n<p>\u2013\u00a0Safari\u00a02 et sup\u00e9rieur\u00a0: navigation priv\u00e9e<\/p>\n<p>\u2013\u00a0Opera\u00a010.5 et versions ult\u00e9rieures\u00a0: navigation priv\u00e9e<\/p>\n<p>[\/et_pb_text][et_pb_text _builder_version=\u00bb4.17.4&#8243; _module_preset=\u00bbdefault\u00bb text_font=\u00bbOverpass|300|||||||\u00bb text_text_color=\u00bb#FFFFFF\u00bb text_font_size=\u00bb15px\u00bb text_orientation=\u00bbjustified\u00bb hover_enabled=\u00bb0&#8243; global_colors_info=\u00bb{}\u00bb sticky_enabled=\u00bb0&#8243;]Veuillez lire attentivement la section d&#8217;aide de votre navigateur pour en savoir plus sur la fa\u00e7on d&#8217;activer le \u00abmode priv\u00e9\u00bb. Vous pouvez continuer \u00e0 visiter notre site Web m\u00eame si votre navigateur est en \u00abmode priv\u00e9\u00bb, cependant, l&#8217;exp\u00e9rience utilisateur peut ne pas \u00eatre optimale et certains utilitaires peuvent ne pas fonctionner.<\/p>\n<p>FORMULEWOIT. merci d&#8217;accepter les cookies, cela nous aide \u00e0 obtenir des donn\u00e9es plus pr\u00e9cises qui nous permettent d&#8217;am\u00e9liorer le contenu et la conception de notre site Web pour l&#8217;adapter \u00e0 vos pr\u00e9f\u00e9rences.[\/et_pb_text][et_pb_divider show_divider=\u00bboff\u00bb _builder_version=\u00bb4.17.4&#8243; _module_preset=\u00bbdefault\u00bb height=\u00bb30px\u00bb global_colors_info=\u00bb{}\u00bb][\/et_pb_divider][\/et_pb_column][\/et_pb_row][\/et_pb_section]<\/p>\n","protected":false},"excerpt":{"rendered":"<p>Politique de cookiesFORMULEWOIT. communique aux utilisateurs, par le biais de cet avis, qu&#8217;il peut utiliser des cookies lorsque l&#8217;utilisateur navigue \u00e0 travers les diff\u00e9rents \u00e9crans et pages du site. En utilisant notre site Web, vous acceptez et autorisez express\u00e9ment l&#8217;utilisation de cookies, conform\u00e9ment \u00e0 notre politique de confidentialit\u00e9.Que sont les cookies ?Un cookie est un [&hellip;]<\/p>\n","protected":false},"author":3,"featured_media":0,"parent":0,"menu_order":0,"comment_status":"closed","ping_status":"closed","template":"","meta":{"_et_pb_use_builder":"on","_et_pb_old_content":"","_et_gb_content_width":"","_joinchat":[],"footnotes":""},"class_list":["post-1226","page","type-page","status-publish","hentry"],"_links":{"self":[{"href":"https:\/\/headpressurizers.com\/fr\/wp-json\/wp\/v2\/pages\/1226","targetHints":{"allow":["GET"]}}],"collection":[{"href":"https:\/\/headpressurizers.com\/fr\/wp-json\/wp\/v2\/pages"}],"about":[{"href":"https:\/\/headpressurizers.com\/fr\/wp-json\/wp\/v2\/types\/page"}],"author":[{"embeddable":true,"href":"https:\/\/headpressurizers.com\/fr\/wp-json\/wp\/v2\/users\/3"}],"replies":[{"embeddable":true,"href":"https:\/\/headpressurizers.com\/fr\/wp-json\/wp\/v2\/comments?post=1226"}],"version-history":[{"count":0,"href":"https:\/\/headpressurizers.com\/fr\/wp-json\/wp\/v2\/pages\/1226\/revisions"}],"wp:attachment":[{"href":"https:\/\/headpressurizers.com\/fr\/wp-json\/wp\/v2\/media?parent=1226"}],"curies":[{"name":"wp","href":"https:\/\/api.w.org\/{rel}","templated":true}]}}