{"id":611,"date":"2022-06-01T13:13:43","date_gmt":"2022-06-01T11:13:43","guid":{"rendered":"https:\/\/headpressurizers.com\/?page_id=611"},"modified":"2022-06-13T12:35:04","modified_gmt":"2022-06-13T10:35:04","slug":"politica-de-privacidad","status":"publish","type":"page","link":"https:\/\/headpressurizers.com\/en\/politica-de-privacidad\/","title":{"rendered":"Privacy policy"},"content":{"rendered":"<p>[et_pb_section fb_built=\u00bb1&#8243; _builder_version=\u00bb4.17.4&#8243; _module_preset=\u00bbdefault\u00bb background_color=\u00bb#000000&#8243; background_enable_image=\u00bboff\u00bb background_size=\u00bbcontain\u00bb background_position=\u00bbcenter_left\u00bb custom_margin=\u00bb66px||0px||false|false\u00bb custom_margin_tablet=\u00bb100px||||false|false\u00bb custom_margin_phone=\u00bb100px||||false|false\u00bb custom_margin_last_edited=\u00bbon|tablet\u00bb custom_padding=\u00bb10px||10px||false|false\u00bb global_colors_info=\u00bb{}\u00bb][et_pb_row _builder_version=\u00bb4.17.4&#8243; _module_preset=\u00bbdefault\u00bb custom_padding=\u00bb||||false|false\u00bb global_colors_info=\u00bb{}\u00bb][et_pb_column type=\u00bb4_4&#8243; _builder_version=\u00bb4.17.0&#8243; _module_preset=\u00bbdefault\u00bb global_colors_info=\u00bb{}\u00bb][et_pb_divider show_divider=\u00bboff\u00bb _builder_version=\u00bb4.17.4&#8243; _module_preset=\u00bbdefault\u00bb height=\u00bb10px\u00bb global_colors_info=\u00bb{}\u00bb][\/et_pb_divider][et_pb_text _builder_version=\u00bb4.17.4&#8243; _module_preset=\u00bbdefault\u00bb header_font=\u00bbOverpass|700|||||||\u00bb header_text_align=\u00bbcenter\u00bb header_text_color=\u00bb#FFFFFF\u00bb header_font_size=\u00bb40px\u00bb global_colors_info=\u00bb{}\u00bb]<\/p>\n<h1>PRIVACY POLICY<\/h1>\n<p>[\/et_pb_text][et_pb_text _builder_version=\u00bb4.17.4&#8243; _module_preset=\u00bbdefault\u00bb text_font=\u00bbOverpass|700|||||||\u00bb text_text_color=\u00bb#FFFFFF\u00bb text_font_size=\u00bb32px\u00bb header_font=\u00bbOverpass|700|||||||\u00bb header_text_align=\u00bbcenter\u00bb header_text_color=\u00bb#FFFFFF\u00bb header_font_size=\u00bb40px\u00bb global_colors_info=\u00bb{}\u00bb]GENERAL[\/et_pb_text][et_pb_text _builder_version=\u00bb4.17.4&#8243; _module_preset=\u00bbdefault\u00bb text_font=\u00bbOverpass|300|||||||\u00bb text_text_color=\u00bb#FFFFFF\u00bb text_font_size=\u00bb15px\u00bb text_orientation=\u00bbjustified\u00bb global_colors_info=\u00bb{}\u00bb]A los efectos de lo previsto en el Reglamento Europeo de Protecci\u00f3n de Datos UE 2016\/679, de 27 de Abril, del Parlamento y el Consejo, en la Ley Org\u00e1nica 3\/2018, de 5 de Diciembre, de Protecci\u00f3n de Datos Personales y Garant\u00eda de los Derechos Digitales y resto de la normativa nacional vigente, FORMULATWOIT, le informa que cumple \u00edntegramente con la legislaci\u00f3n vigente en materia de protecci\u00f3n de datos de car\u00e1cter personal, y con los compromisos de confidencialidad propios de su actividad.<\/p>\n<p>FORMULATWOIT pone en su conocimiento la existencia de un sistema de tratamiento de la informaci\u00f3n, titularidad de FORMULATWOIT, para las finalidades propias de gesti\u00f3n, comunicaci\u00f3n e informaci\u00f3n. El citado sistema se encuentra descrito en el correspondiente Registro de Actividades de Tratamiento, al que puede acceder el usuario para comprobar la situaci\u00f3n de sus datos.[\/et_pb_text][\/et_pb_column][\/et_pb_row][et_pb_row _builder_version=\u00bb4.17.4&#8243; _module_preset=\u00bbdefault\u00bb custom_padding=\u00bb||||false|false\u00bb global_colors_info=\u00bb{}\u00bb][et_pb_column type=\u00bb4_4&#8243; _builder_version=\u00bb4.17.0&#8243; _module_preset=\u00bbdefault\u00bb global_colors_info=\u00bb{}\u00bb][et_pb_divider show_divider=\u00bboff\u00bb _builder_version=\u00bb4.17.4&#8243; _module_preset=\u00bbdefault\u00bb height=\u00bb10px\u00bb global_colors_info=\u00bb{}\u00bb][\/et_pb_divider][et_pb_text _builder_version=\u00bb4.17.4&#8243; _module_preset=\u00bbdefault\u00bb text_font=\u00bbOverpass|700|||||||\u00bb text_text_color=\u00bb#FFFFFF\u00bb text_font_size=\u00bb32px\u00bb header_font=\u00bbOverpass|700|||||||\u00bb header_text_align=\u00bbcenter\u00bb header_text_color=\u00bb#FFFFFF\u00bb header_font_size=\u00bb40px\u00bb global_colors_info=\u00bb{}\u00bb]MEDIDAS Y NIVELES DE SEGURIDAD[\/et_pb_text][et_pb_text _builder_version=\u00bb4.17.4&#8243; _module_preset=\u00bbdefault\u00bb text_font=\u00bbOverpass|300|||||||\u00bb text_text_color=\u00bb#FFFFFF\u00bb text_font_size=\u00bb15px\u00bb text_orientation=\u00bbjustified\u00bb global_colors_info=\u00bb{}\u00bb]FORMULATWOIT ha adoptado las medidas necesarias para garantizar la seguridad de la informaci\u00f3n, tal y como exige el art. 32 del RGPD, seg\u00fan la naturaleza de los datos personales tratados y las circunstancias del tratamiento, con el objeto de evitar, en la medida de lo posible y siempre seg\u00fan el estado de la t\u00e9cnica, su alteraci\u00f3n, p\u00e9rdida, tratamiento o acceso no autorizado, garantizando con ello la confidencialidad, integridad y disponibilidad de los mismos.[\/et_pb_text][\/et_pb_column][\/et_pb_row][et_pb_row _builder_version=\u00bb4.17.4&#8243; _module_preset=\u00bbdefault\u00bb custom_padding=\u00bb||||false|false\u00bb global_colors_info=\u00bb{}\u00bb][et_pb_column type=\u00bb4_4&#8243; _builder_version=\u00bb4.17.0&#8243; _module_preset=\u00bbdefault\u00bb global_colors_info=\u00bb{}\u00bb][et_pb_divider show_divider=\u00bboff\u00bb _builder_version=\u00bb4.17.4&#8243; _module_preset=\u00bbdefault\u00bb height=\u00bb10px\u00bb global_colors_info=\u00bb{}\u00bb][\/et_pb_divider][et_pb_text _builder_version=\u00bb4.17.4&#8243; _module_preset=\u00bbdefault\u00bb text_font=\u00bbOverpass|700|||||||\u00bb text_text_color=\u00bb#FFFFFF\u00bb text_font_size=\u00bb32px\u00bb header_font=\u00bbOverpass|700|||||||\u00bb header_text_align=\u00bbcenter\u00bb header_text_color=\u00bb#FFFFFF\u00bb header_font_size=\u00bb40px\u00bb global_colors_info=\u00bb{}\u00bb]AMBITO DE APLICACI\u00d3N[\/et_pb_text][et_pb_text _builder_version=\u00bb4.17.4&#8243; _module_preset=\u00bbdefault\u00bb text_font=\u00bbOverpass|300|||||||\u00bb text_text_color=\u00bb#FFFFFF\u00bb text_font_size=\u00bb15px\u00bb text_orientation=\u00bbjustified\u00bb global_colors_info=\u00bb{}\u00bb]Las medidas de seguridad que el FORMULATWOIT tenga descritas en el Registro de Actividades de Tratamiento ser\u00e1n aplicadas al conjunto de activos del sistema de tratamiento de la informaci\u00f3n en el que se traten los datos de car\u00e1cter personal, con el objeto de dar cumplimiento a la legislaci\u00f3n vigente en materia de protecci\u00f3n de datos.<\/p>\n<p>Todo el personal contratado por FORMULATWOIT y sus Encargados de Tratamiento, est\u00e1n obligados al cumplimiento de la citada normativa, con especial atenci\u00f3n en lo relativo a sus funciones y obligaciones, incluido el deber de secreto que ser\u00e1n debidamente determinadas por FORMULATWOIT.[\/et_pb_text][\/et_pb_column][\/et_pb_row][et_pb_row _builder_version=\u00bb4.17.4&#8243; _module_preset=\u00bbdefault\u00bb custom_padding=\u00bb||||false|false\u00bb global_colors_info=\u00bb{}\u00bb][et_pb_column type=\u00bb4_4&#8243; _builder_version=\u00bb4.17.0&#8243; _module_preset=\u00bbdefault\u00bb global_colors_info=\u00bb{}\u00bb][et_pb_divider show_divider=\u00bboff\u00bb _builder_version=\u00bb4.17.4&#8243; _module_preset=\u00bbdefault\u00bb height=\u00bb10px\u00bb global_colors_info=\u00bb{}\u00bb][\/et_pb_divider][et_pb_text _builder_version=\u00bb4.17.4&#8243; _module_preset=\u00bbdefault\u00bb text_font=\u00bbOverpass|700|||||||\u00bb text_text_color=\u00bb#FFFFFF\u00bb text_font_size=\u00bb32px\u00bb header_font=\u00bbOverpass|700|||||||\u00bb header_text_align=\u00bbcenter\u00bb header_text_color=\u00bb#FFFFFF\u00bb header_font_size=\u00bb40px\u00bb global_colors_info=\u00bb{}\u00bb]RECOGIDA DE DATOS[\/et_pb_text][et_pb_text _builder_version=\u00bb4.17.4&#8243; _module_preset=\u00bbdefault\u00bb text_font=\u00bbOverpass|300|||||||\u00bb text_text_color=\u00bb#FFFFFF\u00bb text_font_size=\u00bb15px\u00bb text_orientation=\u00bbjustified\u00bb global_colors_info=\u00bb{}\u00bb]La aceptaci\u00f3n de las presentes condiciones, precisa del usuario la recogida de unos datos imprescindibles para la prestaci\u00f3n de sus servicios, que le ser\u00e1n solicitados personalmente a trav\u00e9s de formularios o de las p\u00e1ginas Web. En el momento de la recogida de los datos, el usuario ser\u00e1 debidamente informado de los derechos que le asisten.<\/p>\n<p>Para que la informaci\u00f3n que contiene nuestro sistema de tratamiento est\u00e9 siempre actualizada y no contenga errores, pedimos a nuestros clientes y usuarios que nos comuniquen, a la mayor brevedad posible, las modificaciones y rectificaciones de sus datos de car\u00e1cter personal.[\/et_pb_text][\/et_pb_column][\/et_pb_row][et_pb_row _builder_version=\u00bb4.17.4&#8243; _module_preset=\u00bbdefault\u00bb custom_padding=\u00bb||||false|false\u00bb global_colors_info=\u00bb{}\u00bb][et_pb_column type=\u00bb4_4&#8243; _builder_version=\u00bb4.17.0&#8243; _module_preset=\u00bbdefault\u00bb global_colors_info=\u00bb{}\u00bb][et_pb_divider show_divider=\u00bboff\u00bb _builder_version=\u00bb4.17.4&#8243; _module_preset=\u00bbdefault\u00bb height=\u00bb10px\u00bb global_colors_info=\u00bb{}\u00bb][\/et_pb_divider][et_pb_text _builder_version=\u00bb4.17.4&#8243; _module_preset=\u00bbdefault\u00bb text_font=\u00bbOverpass|700|||||||\u00bb text_text_color=\u00bb#FFFFFF\u00bb text_font_size=\u00bb32px\u00bb header_font=\u00bbOverpass|700|||||||\u00bb header_text_align=\u00bbcenter\u00bb header_text_color=\u00bb#FFFFFF\u00bb header_font_size=\u00bb40px\u00bb global_colors_info=\u00bb{}\u00bb]OBJETO: EJERCICIO DE DERECHOS[\/et_pb_text][et_pb_text _builder_version=\u00bb4.17.4&#8243; _module_preset=\u00bbdefault\u00bb text_font=\u00bbOverpass|300|||||||\u00bb text_text_color=\u00bb#FFFFFF\u00bb text_font_size=\u00bb15px\u00bb text_orientation=\u00bbjustified\u00bb global_colors_info=\u00bb{}\u00bb]Para ejercitar los Derechos de acceso, oposici\u00f3n, rectificaci\u00f3n, cancelaci\u00f3n o supresi\u00f3n, revocaci\u00f3n del consentimiento, limitaci\u00f3n del tratamiento de los datos y portabilidad, deber\u00e1n dirigirse a FORMULATWOIT, Avenida de los Pe\u00f1ascales N\u00ba14 de Torrelodones , provincia de Madrid, con C.P. 28250, Espa\u00f1a.  Tambi\u00e9n puede presentar reclamaci\u00f3n ante la AEPD. No obstante podr\u00e1n utilizarse otros medios que permitan reconocer la identidad del cliente que ejercite cualquiera de los anteriores derechos.[\/et_pb_text][\/et_pb_column][\/et_pb_row][et_pb_row _builder_version=\u00bb4.17.4&#8243; _module_preset=\u00bbdefault\u00bb custom_padding=\u00bb||||false|false\u00bb global_colors_info=\u00bb{}\u00bb][et_pb_column type=\u00bb4_4&#8243; _builder_version=\u00bb4.17.0&#8243; _module_preset=\u00bbdefault\u00bb global_colors_info=\u00bb{}\u00bb][et_pb_divider show_divider=\u00bboff\u00bb _builder_version=\u00bb4.17.4&#8243; _module_preset=\u00bbdefault\u00bb height=\u00bb10px\u00bb global_colors_info=\u00bb{}\u00bb][\/et_pb_divider][et_pb_text _builder_version=\u00bb4.17.4&#8243; _module_preset=\u00bbdefault\u00bb text_font=\u00bbOverpass|700|||||||\u00bb text_text_color=\u00bb#FFFFFF\u00bb text_font_size=\u00bb32px\u00bb header_font=\u00bbOverpass|700|||||||\u00bb header_text_align=\u00bbcenter\u00bb header_text_color=\u00bb#FFFFFF\u00bb header_font_size=\u00bb40px\u00bb global_colors_info=\u00bb{}\u00bb]CONSENTIMIENTO[\/et_pb_text][et_pb_text _builder_version=\u00bb4.17.4&#8243; _module_preset=\u00bbdefault\u00bb text_font=\u00bbOverpass|300|||||||\u00bb text_text_color=\u00bb#FFFFFF\u00bb text_font_size=\u00bb15px\u00bb text_orientation=\u00bbjustified\u00bb global_colors_info=\u00bb{}\u00bb]El usuario prestar\u00e1 su consentimiento para que FORMULATWOIT pueda hacer uso de sus datos personales a fin de prestar un correcto cumplimiento de los servicios contratados.<\/p>\n<p>By filling in the form included on the website or by sending e-mails or other communications to FORMULATWOIT, the user expressly consents to the inclusion of their personal data in the aforementioned processing system, owned by FORMULATWOIT.<\/p>\n<p>Al tiempo de la petici\u00f3n de esta informaci\u00f3n, se comunicar\u00e1 al cliente o usuario del destinatario de la informaci\u00f3n, de la finalidad para la cual se recogen los datos, de la identidad y direcci\u00f3n de FORMULATWOIT y de la facultad del usuario de ejercitar los derechos de acceso, oposici\u00f3n, rectificaci\u00f3n, cancelaci\u00f3n o supresi\u00f3n, revocaci\u00f3n del consentimiento, limitaci\u00f3n del tratamiento de los datos y portabilidad, y a presentar reclamaci\u00f3n ante la AEPD.[\/et_pb_text][\/et_pb_column][\/et_pb_row][et_pb_row _builder_version=\u00bb4.17.4&#8243; _module_preset=\u00bbdefault\u00bb custom_padding=\u00bb||||false|false\u00bb global_colors_info=\u00bb{}\u00bb][et_pb_column type=\u00bb4_4&#8243; _builder_version=\u00bb4.17.0&#8243; _module_preset=\u00bbdefault\u00bb global_colors_info=\u00bb{}\u00bb][et_pb_divider show_divider=\u00bboff\u00bb _builder_version=\u00bb4.17.4&#8243; _module_preset=\u00bbdefault\u00bb height=\u00bb10px\u00bb global_colors_info=\u00bb{}\u00bb][\/et_pb_divider][et_pb_text _builder_version=\u00bb4.17.4&#8243; _module_preset=\u00bbdefault\u00bb text_font=\u00bbOverpass|700|||||||\u00bb text_text_color=\u00bb#FFFFFF\u00bb text_font_size=\u00bb32px\u00bb header_font=\u00bbOverpass|700|||||||\u00bb header_text_align=\u00bbcenter\u00bb header_text_color=\u00bb#FFFFFF\u00bb header_font_size=\u00bb40px\u00bb global_colors_info=\u00bb{}\u00bb]CESI\u00d3N A TERCEROS[\/et_pb_text][et_pb_text _builder_version=\u00bb4.17.4&#8243; _module_preset=\u00bbdefault\u00bb text_font=\u00bbOverpass|300|||||||\u00bb text_text_color=\u00bb#FFFFFF\u00bb text_font_size=\u00bb15px\u00bb text_orientation=\u00bbjustified\u00bb global_colors_info=\u00bb{}\u00bb]FORMULATWOIT no cede datos de car\u00e1cter personal sin el consentimiento expreso de sus titulares, que deber\u00e1 ser concedido en cada ocasi\u00f3n, siendo s\u00f3lo cedidos con la finalidad expresada y siempre con el consentimiento del usuario o cliente.[\/et_pb_text][\/et_pb_column][\/et_pb_row][et_pb_row _builder_version=\u00bb4.17.4&#8243; _module_preset=\u00bbdefault\u00bb custom_padding=\u00bb||||false|false\u00bb global_colors_info=\u00bb{}\u00bb][et_pb_column type=\u00bb4_4&#8243; _builder_version=\u00bb4.17.0&#8243; _module_preset=\u00bbdefault\u00bb global_colors_info=\u00bb{}\u00bb][et_pb_divider show_divider=\u00bboff\u00bb _builder_version=\u00bb4.17.4&#8243; _module_preset=\u00bbdefault\u00bb height=\u00bb10px\u00bb global_colors_info=\u00bb{}\u00bb][\/et_pb_divider][et_pb_text _builder_version=\u00bb4.17.4&#8243; _module_preset=\u00bbdefault\u00bb text_font=\u00bbOverpass|700|||||||\u00bb text_text_color=\u00bb#FFFFFF\u00bb text_font_size=\u00bb32px\u00bb header_font=\u00bbOverpass|700|||||||\u00bb header_text_align=\u00bbcenter\u00bb header_text_color=\u00bb#FFFFFF\u00bb header_font_size=\u00bb40px\u00bb global_colors_info=\u00bb{}\u00bb]CONFIDENCIALIDAD Y SECRETO PROFESIONAL[\/et_pb_text][et_pb_text _builder_version=\u00bb4.17.4&#8243; _module_preset=\u00bbdefault\u00bb text_font=\u00bbOverpass|300|||||||\u00bb text_text_color=\u00bb#FFFFFF\u00bb text_font_size=\u00bb15px\u00bb text_orientation=\u00bbjustified\u00bb global_colors_info=\u00bb{}\u00bb]Los datos recogidos en todas las comunicaciones privadas entre FORMULATWOIT y los clientes o usuarios ser\u00e1n tratados con absoluta confidencialidad, comprometi\u00e9ndose FORMULATWOIT. a la obligaci\u00f3n de secreto de los datos de car\u00e1cter personal, a su deber de guardarlos y adoptar todas las medidas necesarias que eviten su alteraci\u00f3n, p\u00e9rdida y tratamiento o acceso no autorizado, de acuerdo con lo establecido en la normativa vigente.<\/p>\n<p>In addition, information of any type that the parties exchange between themselves, that which they agree to be of this nature, or that which simply concerns the content of said information, shall also be considered confidential. The visualisation of data through the Internet shall not imply direct access to the same, except with the express consent of the owner on each occasion.<\/p>\n<p>Recomendamos al cliente que no facilite a tercero alguno su identificaci\u00f3n, contrase\u00f1a o n\u00fameros de referencia que FORMULATWOIT pudiera proporcionarle. Asimismo, para garantizar que la protecci\u00f3n del secreto profesional entre FORMULATWOIT y el cliente se preserve en todas las comunicaciones, el cliente\/usuario no debe revelar la informaci\u00f3n confidencial a terceros.[\/et_pb_text][\/et_pb_column][\/et_pb_row][et_pb_row _builder_version=\u00bb4.17.4&#8243; _module_preset=\u00bbdefault\u00bb custom_padding=\u00bb||||false|false\u00bb global_colors_info=\u00bb{}\u00bb][et_pb_column type=\u00bb4_4&#8243; _builder_version=\u00bb4.17.0&#8243; _module_preset=\u00bbdefault\u00bb global_colors_info=\u00bb{}\u00bb][et_pb_divider show_divider=\u00bboff\u00bb _builder_version=\u00bb4.17.4&#8243; _module_preset=\u00bbdefault\u00bb height=\u00bb10px\u00bb global_colors_info=\u00bb{}\u00bb][\/et_pb_divider][et_pb_text _builder_version=\u00bb4.17.4&#8243; _module_preset=\u00bbdefault\u00bb text_font=\u00bbOverpass|700|||||||\u00bb text_text_color=\u00bb#FFFFFF\u00bb text_font_size=\u00bb32px\u00bb header_font=\u00bbOverpass|700|||||||\u00bb header_text_align=\u00bbcenter\u00bb header_text_color=\u00bb#FFFFFF\u00bb header_font_size=\u00bb40px\u00bb global_colors_info=\u00bb{}\u00bb]CAMBIOS EN LA POL\u00cdTICA DE SEGURIDAD Y DE PROTECCI\u00d3N DE DATOS[\/et_pb_text][et_pb_text _builder_version=\u00bb4.17.4&#8243; _module_preset=\u00bbdefault\u00bb text_font=\u00bbOverpass|300|||||||\u00bb text_text_color=\u00bb#FFFFFF\u00bb text_font_size=\u00bb15px\u00bb text_orientation=\u00bbjustified\u00bb global_colors_info=\u00bb{}\u00bb]FORMULATWOIT se reserva el derecho de modificar su pol\u00edtica de seguridad y protecci\u00f3n de datos con el objeto de adaptarlo a las novedades legislativas o jurisprudenciales, as\u00ed como las que pudieran derivarse de c\u00f3digos tipo existentes en la materia, o por decisiones corporativas estrat\u00e9gicas, con efectos de la fecha de publicaci\u00f3n de dicha modificaci\u00f3n en la p\u00e1gina Web de FORMULATWOIT.[\/et_pb_text][\/et_pb_column][\/et_pb_row][et_pb_row _builder_version=\u00bb4.17.4&#8243; _module_preset=\u00bbdefault\u00bb custom_padding=\u00bb||||false|false\u00bb global_colors_info=\u00bb{}\u00bb][et_pb_column type=\u00bb4_4&#8243; _builder_version=\u00bb4.17.0&#8243; _module_preset=\u00bbdefault\u00bb global_colors_info=\u00bb{}\u00bb][et_pb_divider show_divider=\u00bboff\u00bb _builder_version=\u00bb4.17.4&#8243; _module_preset=\u00bbdefault\u00bb height=\u00bb10px\u00bb global_colors_info=\u00bb{}\u00bb][\/et_pb_divider][et_pb_text _builder_version=\u00bb4.17.4&#8243; _module_preset=\u00bbdefault\u00bb text_font=\u00bbOverpass|700|||||||\u00bb text_text_color=\u00bb#FFFFFF\u00bb text_font_size=\u00bb32px\u00bb header_font=\u00bbOverpass|700|||||||\u00bb header_text_align=\u00bbcenter\u00bb header_text_color=\u00bb#FFFFFF\u00bb header_font_size=\u00bb40px\u00bb global_colors_info=\u00bb{}\u00bb]DIRECCI\u00d3N DE CONTACTO[\/et_pb_text][et_pb_text _builder_version=\u00bb4.17.4&#8243; _module_preset=\u00bbdefault\u00bb text_font=\u00bbOverpass|300|||||||\u00bb text_text_color=\u00bb#FFFFFF\u00bb text_font_size=\u00bb15px\u00bb text_orientation=\u00bbjustified\u00bb global_colors_info=\u00bb{}\u00bb]El presente sitio Web es gestionado por FORMULATWOIT, con CIF ESB86840451.<\/p>\n<p>The information processing system created is located at the registered office, which is established for the purposes of this Legal Notice, at FORMULATWOIT, Avenida de los Pe\u00f1ascales N\u00ba14, Torrelodones, province of Madrid, C.P. 28250, Spain, under the supervision and control of FORMULATWOIT, who assumes responsibility for adopting technical and organizational security measures to protect the confidentiality and integrity of the information, in accordance with the provisions of this Legal Notice. 28250, Spain under the supervision and control of FORMULATWOIT, who assumes responsibility for the adoption of technical and organisational security measures to protect the confidentiality and integrity of the information, in accordance with the provisions of the European Data Protection Regulation EU 2016\/679, of 27 April, the Organic Law 3\/2018, of 5 December, on the Protection of Personal Data and Guarantee of Digital Rights, the rest of the national regulations in force and other applicable legislation.<\/p>\n<p>FORMULATWOIT a tenor de la Ley 34\/2002, de Servicios de la Sociedad de la Informaci\u00f3n y del Comercio Electr\u00f3nico, les comunica que la acepci\u00f3n amplia de dicha Ley, engloba entre estos servicios el suministro de informaci\u00f3n por dicho medio. En todo caso, ser\u00e1 de aplicaci\u00f3n el Reglamento Europeo de Protecci\u00f3n de Datos UE 2016\/679, de 27 de Abril, la Ley Org\u00e1nica 3\/2018, de 5 de Diciembre, de Protecci\u00f3n de Datos Personales y Garant\u00eda de los Derechos Digitales, el resto de la normativa nacional vigente y su normativa de desarrollo, en especial, en lo que se refiere a la obtenci\u00f3n de datos personales, la informaci\u00f3n a los interesados y la creaci\u00f3n y mantenimiento de ficheros de datos personales.[\/et_pb_text][et_pb_divider show_divider=\u00bboff\u00bb _builder_version=\u00bb4.17.4&#8243; _module_preset=\u00bbdefault\u00bb height=\u00bb30px\u00bb global_colors_info=\u00bb{}\u00bb][\/et_pb_divider][\/et_pb_column][\/et_pb_row][\/et_pb_section]<\/p>","protected":false},"excerpt":{"rendered":"<p>GENERAL PRIVACY POLICYFor the purposes of the provisions of the European Data Protection Regulation EU 2016\/679, of 27 April, of the Parliament and the Council, in the Organic Law 3\/2018, of 5 December, on the Protection of Personal Data and the Guarantee of Digital Rights and other national legislation in force, FORMULATWOIT, [...]<\/p>","protected":false},"author":3,"featured_media":0,"parent":0,"menu_order":0,"comment_status":"closed","ping_status":"closed","template":"","meta":{"_et_pb_use_builder":"on","_et_pb_old_content":"","_et_gb_content_width":"","_joinchat":[],"footnotes":""},"class_list":["post-611","page","type-page","status-publish","hentry"],"_links":{"self":[{"href":"https:\/\/headpressurizers.com\/en\/wp-json\/wp\/v2\/pages\/611","targetHints":{"allow":["GET"]}}],"collection":[{"href":"https:\/\/headpressurizers.com\/en\/wp-json\/wp\/v2\/pages"}],"about":[{"href":"https:\/\/headpressurizers.com\/en\/wp-json\/wp\/v2\/types\/page"}],"author":[{"embeddable":true,"href":"https:\/\/headpressurizers.com\/en\/wp-json\/wp\/v2\/users\/3"}],"replies":[{"embeddable":true,"href":"https:\/\/headpressurizers.com\/en\/wp-json\/wp\/v2\/comments?post=611"}],"version-history":[{"count":0,"href":"https:\/\/headpressurizers.com\/en\/wp-json\/wp\/v2\/pages\/611\/revisions"}],"wp:attachment":[{"href":"https:\/\/headpressurizers.com\/en\/wp-json\/wp\/v2\/media?parent=611"}],"curies":[{"name":"wp","href":"https:\/\/api.w.org\/{rel}","templated":true}]}}