{"id":1221,"date":"2022-06-13T15:13:22","date_gmt":"2022-06-13T13:13:22","guid":{"rendered":"https:\/\/headpressurizers.com\/?page_id=1221"},"modified":"2022-06-13T15:19:24","modified_gmt":"2022-06-13T13:19:24","slug":"politique-de-confidentialite","status":"publish","type":"page","link":"https:\/\/headpressurizers.com\/en\/politique-de-confidentialite\/","title":{"rendered":"Privacy policy"},"content":{"rendered":"<p>[et_pb_section fb_built=\u00bb1&#8243; _builder_version=\u00bb4.17.4&#8243; _module_preset=\u00bbdefault\u00bb background_color=\u00bb#000000&#8243; background_enable_image=\u00bboff\u00bb background_size=\u00bbcontain\u00bb background_position=\u00bbcenter_left\u00bb custom_margin=\u00bb66px||0px||false|false\u00bb custom_margin_tablet=\u00bb100px||||false|false\u00bb custom_margin_phone=\u00bb100px||||false|false\u00bb custom_margin_last_edited=\u00bbon|tablet\u00bb custom_padding=\u00bb10px||10px||false|false\u00bb global_colors_info=\u00bb{}\u00bb][et_pb_row _builder_version=\u00bb4.17.4&#8243; _module_preset=\u00bbdefault\u00bb custom_padding=\u00bb||||false|false\u00bb global_colors_info=\u00bb{}\u00bb][et_pb_column type=\u00bb4_4&#8243; _builder_version=\u00bb4.17.0&#8243; _module_preset=\u00bbdefault\u00bb global_colors_info=\u00bb{}\u00bb][et_pb_divider show_divider=\u00bboff\u00bb _builder_version=\u00bb4.17.4&#8243; _module_preset=\u00bbdefault\u00bb height=\u00bb10px\u00bb global_colors_info=\u00bb{}\u00bb][\/et_pb_divider][et_pb_text _builder_version=\u00bb4.17.4&#8243; _module_preset=\u00bbdefault\u00bb header_font=\u00bbOverpass|700||on|||||\u00bb header_text_align=\u00bbcenter\u00bb header_text_color=\u00bb#FFFFFF\u00bb header_font_size=\u00bb40px\u00bb hover_enabled=\u00bb0&#8243; global_colors_info=\u00bb{}\u00bb sticky_enabled=\u00bb0&#8243;]<\/p>\n<h1>Politique de confidentialit\u00e9<\/h1>\n<p>[\/et_pb_text][et_pb_text _builder_version=\u00bb4.17.4&#8243; _module_preset=\u00bbdefault\u00bb text_font=\u00bbOverpass|700|||||||\u00bb text_text_color=\u00bb#FFFFFF\u00bb text_font_size=\u00bb32px\u00bb header_font=\u00bbOverpass|700|||||||\u00bb header_text_align=\u00bbcenter\u00bb header_text_color=\u00bb#FFFFFF\u00bb header_font_size=\u00bb40px\u00bb hover_enabled=\u00bb0&#8243; global_colors_info=\u00bb{}\u00bb sticky_enabled=\u00bb0&#8243;]G\u00c9N\u00c9RAL[\/et_pb_text][et_pb_text _builder_version=\u00bb4.17.4&#8243; _module_preset=\u00bbdefault\u00bb text_font=\u00bbOverpass|300|||||||\u00bb text_text_color=\u00bb#FFFFFF\u00bb text_font_size=\u00bb15px\u00bb text_orientation=\u00bbjustified\u00bb hover_enabled=\u00bb0&#8243; global_colors_info=\u00bb{}\u00bb sticky_enabled=\u00bb0&#8243;]Aux fins des dispositions du r\u00e8glement europ\u00e9en sur la protection des donn\u00e9es UE 2016\/679, du 27 avril, du Parlement et du Conseil, dans la loi organique 3\/2018, du 5 d\u00e9cembre, sur la protection des donn\u00e9es personnelles et la garantie des droits num\u00e9riques et le reste de la r\u00e9glementation nationale en vigueur, FORMULATWOIT vous informe qu&#8217;elle se conforme pleinement \u00e0 la l\u00e9gislation en vigueur sur la protection des donn\u00e9es personnelles, et aux engagements de confidentialit\u00e9 de son activit\u00e9.<\/p>\n<p>FORMULATWOIT vous informe de l&#8217;existence d&#8217;un syst\u00e8me informatique, propri\u00e9t\u00e9 de FORMULATWOIT, \u00e0 des fins de gestion, de communication et d&#8217;information. Le syst\u00e8me susmentionn\u00e9 est d\u00e9crit dans le registre des activit\u00e9s de traitement correspondant, auquel l&#8217;utilisateur peut acc\u00e9der pour v\u00e9rifier l&#8217;\u00e9tat de ses donn\u00e9es.[\/et_pb_text][\/et_pb_column][\/et_pb_row][et_pb_row _builder_version=\u00bb4.17.4&#8243; _module_preset=\u00bbdefault\u00bb custom_padding=\u00bb||||false|false\u00bb global_colors_info=\u00bb{}\u00bb][et_pb_column type=\u00bb4_4&#8243; _builder_version=\u00bb4.17.0&#8243; _module_preset=\u00bbdefault\u00bb global_colors_info=\u00bb{}\u00bb][et_pb_divider show_divider=\u00bboff\u00bb _builder_version=\u00bb4.17.4&#8243; _module_preset=\u00bbdefault\u00bb height=\u00bb10px\u00bb hover_enabled=\u00bb0&#8243; global_colors_info=\u00bb{}\u00bb sticky_enabled=\u00bb0&#8243;][\/et_pb_divider][et_pb_text _builder_version=\u00bb4.17.4&#8243; _module_preset=\u00bbdefault\u00bb text_font=\u00bbOverpass|700|||||||\u00bb text_text_color=\u00bb#FFFFFF\u00bb text_font_size=\u00bb32px\u00bb header_font=\u00bbOverpass|700|||||||\u00bb header_text_align=\u00bbcenter\u00bb header_text_color=\u00bb#FFFFFF\u00bb header_font_size=\u00bb40px\u00bb hover_enabled=\u00bb0&#8243; global_colors_info=\u00bb{}\u00bb sticky_enabled=\u00bb0&#8243;]MESURES ET NIVEAUX DE S\u00c9CURIT\u00c9[\/et_pb_text][et_pb_text _builder_version=\u00bb4.17.4&#8243; _module_preset=\u00bbdefault\u00bb text_font=\u00bbOverpass|300|||||||\u00bb text_text_color=\u00bb#FFFFFF\u00bb text_font_size=\u00bb15px\u00bb text_orientation=\u00bbjustified\u00bb hover_enabled=\u00bb0&#8243; global_colors_info=\u00bb{}\u00bb sticky_enabled=\u00bb0&#8243;]FORMULATWOIT a adopt\u00e9 les mesures n\u00e9cessaires pour garantir la s\u00e9curit\u00e9 des informations, comme l&#8217;exige l&#8217;art. 32 du RGPD, selon la nature des donn\u00e9es personnelles trait\u00e9es et les circonstances du traitement, afin d&#8217;\u00e9viter, dans la mesure du possible et toujours selon l&#8217;\u00e9tat de la technique, leur alt\u00e9ration, perte, traitement ou acc\u00e8s non autoris\u00e9, garantissant ainsi leur confidentialit\u00e9, leur int\u00e9grit\u00e9 et leur disponibilit\u00e9.[\/et_pb_text][\/et_pb_column][\/et_pb_row][et_pb_row _builder_version=\u00bb4.17.4&#8243; _module_preset=\u00bbdefault\u00bb custom_padding=\u00bb||||false|false\u00bb global_colors_info=\u00bb{}\u00bb][et_pb_column type=\u00bb4_4&#8243; _builder_version=\u00bb4.17.0&#8243; _module_preset=\u00bbdefault\u00bb global_colors_info=\u00bb{}\u00bb][et_pb_divider show_divider=\u00bboff\u00bb _builder_version=\u00bb4.17.4&#8243; _module_preset=\u00bbdefault\u00bb height=\u00bb10px\u00bb global_colors_info=\u00bb{}\u00bb][\/et_pb_divider][et_pb_text _builder_version=\u00bb4.17.4&#8243; _module_preset=\u00bbdefault\u00bb text_font=\u00bbOverpass|700|||||||\u00bb text_text_color=\u00bb#FFFFFF\u00bb text_font_size=\u00bb32px\u00bb header_font=\u00bbOverpass|700|||||||\u00bb header_text_align=\u00bbcenter\u00bb header_text_color=\u00bb#FFFFFF\u00bb header_font_size=\u00bb40px\u00bb hover_enabled=\u00bb0&#8243; global_colors_info=\u00bb{}\u00bb sticky_enabled=\u00bb0&#8243;]DOMAINE D&#8217;APPLICATION[\/et_pb_text][et_pb_text _builder_version=\u00bb4.17.4&#8243; _module_preset=\u00bbdefault\u00bb text_font=\u00bbOverpass|300|||||||\u00bb text_text_color=\u00bb#FFFFFF\u00bb text_font_size=\u00bb15px\u00bb text_orientation=\u00bbjustified\u00bb hover_enabled=\u00bb0&#8243; global_colors_info=\u00bb{}\u00bb sticky_enabled=\u00bb0&#8243;]Les mesures de s\u00e9curit\u00e9 que le FORMULATWOIT a d\u00e9crites dans le Registre des activit\u00e9s de traitement seront appliqu\u00e9es \u00e0 tous les actifs du syst\u00e8me de traitement de l&#8217;information dans lequel les donn\u00e9es personnelles sont trait\u00e9es, afin de se conformer \u00e0 la l\u00e9gislation en vigueur en mati\u00e8re de protection des donn\u00e9es.<\/p>\n<p>Tout le personnel engag\u00e9 par FORMULATWOIT et ses Responsables de traitement sont tenus de se conformer \u00e0 la r\u00e9glementation susmentionn\u00e9e, avec une attention particuli\u00e8re \u00e0 leurs fonctions et obligations, y compris le devoir de confidentialit\u00e9 qui sera d\u00fbment d\u00e9termin\u00e9 par FORMULATWOIT.[\/et_pb_text][\/et_pb_column][\/et_pb_row][et_pb_row _builder_version=\u00bb4.17.4&#8243; _module_preset=\u00bbdefault\u00bb custom_padding=\u00bb||||false|false\u00bb global_colors_info=\u00bb{}\u00bb][et_pb_column type=\u00bb4_4&#8243; _builder_version=\u00bb4.17.0&#8243; _module_preset=\u00bbdefault\u00bb global_colors_info=\u00bb{}\u00bb][et_pb_divider show_divider=\u00bboff\u00bb _builder_version=\u00bb4.17.4&#8243; _module_preset=\u00bbdefault\u00bb height=\u00bb10px\u00bb global_colors_info=\u00bb{}\u00bb][\/et_pb_divider][et_pb_text _builder_version=\u00bb4.17.4&#8243; _module_preset=\u00bbdefault\u00bb text_font=\u00bbOverpass|700|||||||\u00bb text_text_color=\u00bb#FFFFFF\u00bb text_font_size=\u00bb32px\u00bb header_font=\u00bbOverpass|700|||||||\u00bb header_text_align=\u00bbcenter\u00bb header_text_color=\u00bb#FFFFFF\u00bb header_font_size=\u00bb40px\u00bb hover_enabled=\u00bb0&#8243; global_colors_info=\u00bb{}\u00bb sticky_enabled=\u00bb0&#8243;]COLLECTE DE DONN\u00c9ES[\/et_pb_text][et_pb_text _builder_version=\u00bb4.17.4&#8243; _module_preset=\u00bbdefault\u00bb text_font=\u00bbOverpass|300|||||||\u00bb text_text_color=\u00bb#FFFFFF\u00bb text_font_size=\u00bb15px\u00bb text_orientation=\u00bbjustified\u00bb hover_enabled=\u00bb0&#8243; global_colors_info=\u00bb{}\u00bb sticky_enabled=\u00bb0&#8243;]L&#8217;acceptation de ces conditions oblige l&#8217;utilisateur \u00e0 collecter certaines donn\u00e9es essentielles \u00e0 la fourniture de ses services, qui lui seront demand\u00e9es personnellement par le biais de formulaires ou de pages Web. Au moment de la collecte des donn\u00e9es, l&#8217;utilisateur sera d\u00fbment inform\u00e9 des droits qui l&#8217;assistent.<\/p>\n<p>Afin que les informations contenues dans notre syst\u00e8me de traitement soient toujours \u00e0 jour et ne contiennent pas d&#8217;erreurs, nous demandons \u00e0 nos clients et utilisateurs de nous signaler, dans les meilleurs d\u00e9lais, les modifications et rectifications de leurs donn\u00e9es personnelles.[\/et_pb_text][\/et_pb_column][\/et_pb_row][et_pb_row _builder_version=\u00bb4.17.4&#8243; _module_preset=\u00bbdefault\u00bb custom_padding=\u00bb||||false|false\u00bb global_colors_info=\u00bb{}\u00bb][et_pb_column type=\u00bb4_4&#8243; _builder_version=\u00bb4.17.0&#8243; _module_preset=\u00bbdefault\u00bb global_colors_info=\u00bb{}\u00bb][et_pb_divider show_divider=\u00bboff\u00bb _builder_version=\u00bb4.17.4&#8243; _module_preset=\u00bbdefault\u00bb height=\u00bb10px\u00bb global_colors_info=\u00bb{}\u00bb][\/et_pb_divider][et_pb_text _builder_version=\u00bb4.17.4&#8243; _module_preset=\u00bbdefault\u00bb text_font=\u00bbOverpass|700|||||||\u00bb text_text_color=\u00bb#FFFFFF\u00bb text_font_size=\u00bb32px\u00bb header_font=\u00bbOverpass|700|||||||\u00bb header_text_align=\u00bbcenter\u00bb header_text_color=\u00bb#FFFFFF\u00bb header_font_size=\u00bb40px\u00bb hover_enabled=\u00bb0&#8243; global_colors_info=\u00bb{}\u00bb sticky_enabled=\u00bb0&#8243;]OBJET : EXERCICE DES DROITS[\/et_pb_text][et_pb_text _builder_version=\u00bb4.17.4&#8243; _module_preset=\u00bbdefault\u00bb text_font=\u00bbOverpass|300|||||||\u00bb text_text_color=\u00bb#FFFFFF\u00bb text_font_size=\u00bb15px\u00bb text_orientation=\u00bbjustified\u00bb hover_enabled=\u00bb0&#8243; global_colors_info=\u00bb{}\u00bb sticky_enabled=\u00bb0&#8243;]Pour exercer les droits d&#8217;acc\u00e8s, d&#8217;opposition, de rectification, d&#8217;annulation ou de suppression, de r\u00e9vocation du consentement, de limitation du traitement et de la portabilit\u00e9 des donn\u00e9es, vous devez contacter FORMULATWOIT, Avenida de los Pe\u00f1ascales N\u00ba14 de Torrelodones, province de Madrid, avec C.P. 28250, Espagne. Vous pouvez \u00e9galement d\u00e9poser une r\u00e9clamation aupr\u00e8s de l&#8217;AEPD. Toutefois, d&#8217;autres moyens peuvent \u00eatre utilis\u00e9s pour reconna\u00eetre l&#8217;identit\u00e9 du client qui exerce l&#8217;un des droits ci-dessus.[\/et_pb_text][\/et_pb_column][\/et_pb_row][et_pb_row _builder_version=\u00bb4.17.4&#8243; _module_preset=\u00bbdefault\u00bb custom_padding=\u00bb||||false|false\u00bb global_colors_info=\u00bb{}\u00bb][et_pb_column type=\u00bb4_4&#8243; _builder_version=\u00bb4.17.0&#8243; _module_preset=\u00bbdefault\u00bb global_colors_info=\u00bb{}\u00bb][et_pb_divider show_divider=\u00bboff\u00bb _builder_version=\u00bb4.17.4&#8243; _module_preset=\u00bbdefault\u00bb height=\u00bb10px\u00bb global_colors_info=\u00bb{}\u00bb][\/et_pb_divider][et_pb_text _builder_version=\u00bb4.17.4&#8243; _module_preset=\u00bbdefault\u00bb text_font=\u00bbOverpass|700|||||||\u00bb text_text_color=\u00bb#FFFFFF\u00bb text_font_size=\u00bb32px\u00bb header_font=\u00bbOverpass|700|||||||\u00bb header_text_align=\u00bbcenter\u00bb header_text_color=\u00bb#FFFFFF\u00bb header_font_size=\u00bb40px\u00bb hover_enabled=\u00bb0&#8243; global_colors_info=\u00bb{}\u00bb sticky_enabled=\u00bb0&#8243;]CONSENTEMENT[\/et_pb_text][et_pb_text _builder_version=\u00bb4.17.4&#8243; _module_preset=\u00bbdefault\u00bb text_font=\u00bbOverpass|300|||||||\u00bb text_text_color=\u00bb#FFFFFF\u00bb text_font_size=\u00bb15px\u00bb text_orientation=\u00bbjustified\u00bb hover_enabled=\u00bb0&#8243; global_colors_info=\u00bb{}\u00bb sticky_enabled=\u00bb0&#8243;]L&#8217;utilisateur donnera son consentement pour que FORMULATWOIT puisse utiliser ses donn\u00e9es personnelles afin de fournir une ex\u00e9cution correcte des services contract\u00e9s.<\/p>\n<p>Remplir le formulaire inclus sur le site ou envoyer des e-mails ou d&#8217;autres communications \u00e0 FORMULATWOIT implique le consentement expr\u00e8s de l&#8217;utilisateur \u00e0 l&#8217;inclusion de ses donn\u00e9es personnelles dans le syst\u00e8me de traitement susmentionn\u00e9, propri\u00e9t\u00e9 de FORMULATWOIT.<\/p>\n<p>Au moment de demander ces informations, le client ou l&#8217;utilisateur du destinataire des informations sera inform\u00e9 de la finalit\u00e9 pour laquelle les donn\u00e9es sont collect\u00e9es, de l&#8217;identit\u00e9 et de l&#8217;adresse de FORMULATWOIT et du pouvoir de l&#8217;utilisateur d&#8217;exercer les droits d&#8217;acc\u00e8s, opposition, rectification, annulation ou suppression, r\u00e9vocation du consentement, limitation du traitement et de la portabilit\u00e9 des donn\u00e9es, et de d\u00e9poser une r\u00e9clamation aupr\u00e8s de l&#8217;AEPD.[\/et_pb_text][\/et_pb_column][\/et_pb_row][et_pb_row _builder_version=\u00bb4.17.4&#8243; _module_preset=\u00bbdefault\u00bb custom_padding=\u00bb||||false|false\u00bb global_colors_info=\u00bb{}\u00bb][et_pb_column type=\u00bb4_4&#8243; _builder_version=\u00bb4.17.0&#8243; _module_preset=\u00bbdefault\u00bb global_colors_info=\u00bb{}\u00bb][et_pb_divider show_divider=\u00bboff\u00bb _builder_version=\u00bb4.17.4&#8243; _module_preset=\u00bbdefault\u00bb height=\u00bb10px\u00bb global_colors_info=\u00bb{}\u00bb][\/et_pb_divider][et_pb_text _builder_version=\u00bb4.17.4&#8243; _module_preset=\u00bbdefault\u00bb text_font=\u00bbOverpass|700|||||||\u00bb text_text_color=\u00bb#FFFFFF\u00bb text_font_size=\u00bb32px\u00bb header_font=\u00bbOverpass|700|||||||\u00bb header_text_align=\u00bbcenter\u00bb header_text_color=\u00bb#FFFFFF\u00bb header_font_size=\u00bb40px\u00bb hover_enabled=\u00bb0&#8243; global_colors_info=\u00bb{}\u00bb sticky_enabled=\u00bb0&#8243;]CESSION \u00c0 DES TIERS[\/et_pb_text][et_pb_text _builder_version=\u00bb4.17.4&#8243; _module_preset=\u00bbdefault\u00bb text_font=\u00bbOverpass|300|||||||\u00bb text_text_color=\u00bb#FFFFFF\u00bb text_font_size=\u00bb15px\u00bb text_orientation=\u00bbjustified\u00bb hover_enabled=\u00bb0&#8243; global_colors_info=\u00bb{}\u00bb sticky_enabled=\u00bb0&#8243;]FORMULATWOIT ne transf\u00e8re pas de donn\u00e9es personnelles sans le consentement expr\u00e8s de ses propri\u00e9taires, qui doit \u00eatre accord\u00e9 \u00e0 chaque occasion, n&#8217;\u00e9tant transf\u00e9r\u00e9 que dans le but indiqu\u00e9 et toujours avec le consentement de l&#8217;utilisateur ou du client.[\/et_pb_text][\/et_pb_column][\/et_pb_row][et_pb_row _builder_version=\u00bb4.17.4&#8243; _module_preset=\u00bbdefault\u00bb custom_padding=\u00bb||||false|false\u00bb global_colors_info=\u00bb{}\u00bb][et_pb_column type=\u00bb4_4&#8243; _builder_version=\u00bb4.17.0&#8243; _module_preset=\u00bbdefault\u00bb global_colors_info=\u00bb{}\u00bb][et_pb_divider show_divider=\u00bboff\u00bb _builder_version=\u00bb4.17.4&#8243; _module_preset=\u00bbdefault\u00bb height=\u00bb10px\u00bb global_colors_info=\u00bb{}\u00bb][\/et_pb_divider][et_pb_text _builder_version=\u00bb4.17.4&#8243; _module_preset=\u00bbdefault\u00bb text_font=\u00bbOverpass|700|||||||\u00bb text_text_color=\u00bb#FFFFFF\u00bb text_font_size=\u00bb32px\u00bb header_font=\u00bbOverpass|700|||||||\u00bb header_text_align=\u00bbcenter\u00bb header_text_color=\u00bb#FFFFFF\u00bb header_font_size=\u00bb40px\u00bb hover_enabled=\u00bb0&#8243; global_colors_info=\u00bb{}\u00bb sticky_enabled=\u00bb0&#8243;]CONFIDENTIALITE ET SECRET PROFESSIONNEL[\/et_pb_text][et_pb_text _builder_version=\u00bb4.17.4&#8243; _module_preset=\u00bbdefault\u00bb text_font=\u00bbOverpass|300|||||||\u00bb text_text_color=\u00bb#FFFFFF\u00bb text_font_size=\u00bb15px\u00bb text_orientation=\u00bbjustified\u00bb hover_enabled=\u00bb0&#8243; global_colors_info=\u00bb{}\u00bb sticky_enabled=\u00bb0&#8243;]Les donn\u00e9es recueillies dans toutes les communications priv\u00e9es entre FORMULATWOIT et les clients ou utilisateurs seront trait\u00e9es avec une confidentialit\u00e9 absolue, engageant FORMULATWOIT. \u00e0 l&#8217;obligation de confidentialit\u00e9 des donn\u00e9es personnelles, \u00e0 leur devoir de les conserver et d&#8217;adopter toutes les mesures n\u00e9cessaires pour emp\u00eacher leur alt\u00e9ration, perte et traitement ou acc\u00e8s non autoris\u00e9, conform\u00e9ment aux dispositions de la r\u00e9glementation en vigueur.<\/p>\n<p>En outre, les informations de toute nature que les parties s&#8217;\u00e9changent, celles qu&#8217;elles conviennent d&#8217;avoir une telle nature, ou celles qui sont simplement li\u00e9es au contenu desdites informations, seront \u00e9galement soumises \u00e0 la condition de confidentialit\u00e9. La visualisation des donn\u00e9es via Internet n&#8217;impliquera pas un acc\u00e8s direct \u00e0 celles-ci, sauf avec le consentement expr\u00e8s du propri\u00e9taire pour chaque occasion.<\/p>\n<p>Nous recommandons au client de ne communiquer \u00e0 aucun tiers ses identifiants, mot de passe ou num\u00e9ros de r\u00e9f\u00e9rence que FORMULATWOIT pourrait fournir. De m\u00eame, pour garantir que la protection du secret professionnel entre FORMULATWOIT et le client est pr\u00e9serv\u00e9e dans toutes les communications, le client\/utilisateur ne doit pas divulguer d&#8217;informations confidentielles \u00e0 des tiers.[\/et_pb_text][\/et_pb_column][\/et_pb_row][et_pb_row _builder_version=\u00bb4.17.4&#8243; _module_preset=\u00bbdefault\u00bb custom_padding=\u00bb||||false|false\u00bb global_colors_info=\u00bb{}\u00bb][et_pb_column type=\u00bb4_4&#8243; _builder_version=\u00bb4.17.0&#8243; _module_preset=\u00bbdefault\u00bb global_colors_info=\u00bb{}\u00bb][et_pb_divider show_divider=\u00bboff\u00bb _builder_version=\u00bb4.17.4&#8243; _module_preset=\u00bbdefault\u00bb height=\u00bb10px\u00bb global_colors_info=\u00bb{}\u00bb][\/et_pb_divider][et_pb_text _builder_version=\u00bb4.17.4&#8243; _module_preset=\u00bbdefault\u00bb text_font=\u00bbOverpass|700|||||||\u00bb text_text_color=\u00bb#FFFFFF\u00bb text_font_size=\u00bb32px\u00bb header_font=\u00bbOverpass|700|||||||\u00bb header_text_align=\u00bbcenter\u00bb header_text_color=\u00bb#FFFFFF\u00bb header_font_size=\u00bb40px\u00bb hover_enabled=\u00bb0&#8243; global_colors_info=\u00bb{}\u00bb sticky_enabled=\u00bb0&#8243;]MODIFICATIONS DE LA POLITIQUE DE S\u00c9CURIT\u00c9 ET DE PROTECTION DES DONN\u00c9ES[\/et_pb_text][et_pb_text _builder_version=\u00bb4.17.4&#8243; _module_preset=\u00bbdefault\u00bb text_font=\u00bbOverpass|300|||||||\u00bb text_text_color=\u00bb#FFFFFF\u00bb text_font_size=\u00bb15px\u00bb text_orientation=\u00bbjustified\u00bb hover_enabled=\u00bb0&#8243; global_colors_info=\u00bb{}\u00bb sticky_enabled=\u00bb0&#8243;]FORMULATWOIT se r\u00e9serve le droit de modifier sa politique de s\u00e9curit\u00e9 et de protection des donn\u00e9es afin de l&#8217;adapter aux nouvelles l\u00e9gislations ou jurisprudences, ainsi qu&#8217;\u00e0 celles pouvant d\u00e9couler des codes types existants en la mati\u00e8re, ou de d\u00e9cisions strat\u00e9giques de l&#8217;entreprise, avec effet \u00e0 la date de publication de ladite modification sur le site de FORMULATWOIT.[\/et_pb_text][\/et_pb_column][\/et_pb_row][et_pb_row _builder_version=\u00bb4.17.4&#8243; _module_preset=\u00bbdefault\u00bb custom_padding=\u00bb||||false|false\u00bb global_colors_info=\u00bb{}\u00bb][et_pb_column type=\u00bb4_4&#8243; _builder_version=\u00bb4.17.0&#8243; _module_preset=\u00bbdefault\u00bb global_colors_info=\u00bb{}\u00bb][et_pb_divider show_divider=\u00bboff\u00bb _builder_version=\u00bb4.17.4&#8243; _module_preset=\u00bbdefault\u00bb height=\u00bb10px\u00bb global_colors_info=\u00bb{}\u00bb][\/et_pb_divider][et_pb_text _builder_version=\u00bb4.17.4&#8243; _module_preset=\u00bbdefault\u00bb text_font=\u00bbOverpass|700|||||||\u00bb text_text_color=\u00bb#FFFFFF\u00bb text_font_size=\u00bb32px\u00bb header_font=\u00bbOverpass|700|||||||\u00bb header_text_align=\u00bbcenter\u00bb header_text_color=\u00bb#FFFFFF\u00bb header_font_size=\u00bb40px\u00bb hover_enabled=\u00bb0&#8243; global_colors_info=\u00bb{}\u00bb sticky_enabled=\u00bb0&#8243;]ADRESSE DE CONTACT[\/et_pb_text][et_pb_text _builder_version=\u00bb4.17.4&#8243; _module_preset=\u00bbdefault\u00bb text_font=\u00bbOverpass|300|||||||\u00bb text_text_color=\u00bb#FFFFFF\u00bb text_font_size=\u00bb15px\u00bb text_orientation=\u00bbjustified\u00bb hover_enabled=\u00bb0&#8243; global_colors_info=\u00bb{}\u00bb sticky_enabled=\u00bb0&#8243;]El presente sitio Web es gestionado por FORMULATWOIT, con CIF ESB86840451.<\/p>\n<p>El sistema de tratamiento de la informaci\u00f3n creado, est\u00e1 ubicado en el domicilio social, el cual queda establecido a los efectos del presente Aviso Legal, en FORMULATWOIT, Avenida de los Pe\u00f1ascales N\u00ba14 de Torrelodones, provincia de Madrid, con C.P. 28250, Espa\u00f1a bajo la supervisi\u00f3n y control de FORMULATWOIT, quien asume la responsabilidad en la adopci\u00f3n de medidas de seguridad de \u00edndole t\u00e9cnica y organizativa para proteger la confidencialidad e integridad de la informaci\u00f3n, de acuerdo con lo establecido en el Reglamento Europeo de Protecci\u00f3n de Datos UE 2016\/679, de 27 de Abril, la Ley Org\u00e1nica 3\/2018, de 5 de Diciembre, de Protecci\u00f3n de Datos Personales y Garant\u00eda de los Derechos Digitales, el resto de la normativa nacional vigente y dem\u00e1s legislaci\u00f3n aplicable.<\/p>\n<p>FORMULATWOIT a tenor de la Ley 34\/2002, de Servicios de la Sociedad de la Informaci\u00f3n y del Comercio Electr\u00f3nico, les comunica que la acepci\u00f3n amplia de dicha Ley, engloba entre estos servicios el suministro de informaci\u00f3n por dicho medio. En todo caso, ser\u00e1 de aplicaci\u00f3n el Reglamento Europeo de Protecci\u00f3n de Datos UE 2016\/679, de 27 de Abril, la Ley Org\u00e1nica 3\/2018, de 5 de Diciembre, de Protecci\u00f3n de Datos Personales y Garant\u00eda de los Derechos Digitales, el resto de la normativa nacional vigente y su normativa de desarrollo, en especial, en lo que se refiere a la obtenci\u00f3n de datos personales, la informaci\u00f3n a los interesados y la creaci\u00f3n y mantenimiento de ficheros de datos personales.[\/et_pb_text][et_pb_divider show_divider=\u00bboff\u00bb _builder_version=\u00bb4.17.4&#8243; _module_preset=\u00bbdefault\u00bb height=\u00bb30px\u00bb global_colors_info=\u00bb{}\u00bb][\/et_pb_divider][\/et_pb_column][\/et_pb_row][\/et_pb_section]<\/p>\n","protected":false},"excerpt":{"rendered":"<p>Politique de confidentialit\u00e9G\u00c9N\u00c9RALAux fins des dispositions du r\u00e8glement europ\u00e9en sur la protection des donn\u00e9es UE 2016\/679, du 27 avril, du Parlement et du Conseil, dans la loi organique 3\/2018, du 5 d\u00e9cembre, sur la protection des donn\u00e9es personnelles et la garantie des droits num\u00e9riques et le reste de la r\u00e9glementation nationale en vigueur, FORMULATWOIT vous [&hellip;]<\/p>\n","protected":false},"author":3,"featured_media":0,"parent":0,"menu_order":0,"comment_status":"closed","ping_status":"closed","template":"","meta":{"_et_pb_use_builder":"on","_et_pb_old_content":"","_et_gb_content_width":"","_joinchat":[],"footnotes":""},"class_list":["post-1221","page","type-page","status-publish","hentry"],"_links":{"self":[{"href":"https:\/\/headpressurizers.com\/en\/wp-json\/wp\/v2\/pages\/1221","targetHints":{"allow":["GET"]}}],"collection":[{"href":"https:\/\/headpressurizers.com\/en\/wp-json\/wp\/v2\/pages"}],"about":[{"href":"https:\/\/headpressurizers.com\/en\/wp-json\/wp\/v2\/types\/page"}],"author":[{"embeddable":true,"href":"https:\/\/headpressurizers.com\/en\/wp-json\/wp\/v2\/users\/3"}],"replies":[{"embeddable":true,"href":"https:\/\/headpressurizers.com\/en\/wp-json\/wp\/v2\/comments?post=1221"}],"version-history":[{"count":0,"href":"https:\/\/headpressurizers.com\/en\/wp-json\/wp\/v2\/pages\/1221\/revisions"}],"wp:attachment":[{"href":"https:\/\/headpressurizers.com\/en\/wp-json\/wp\/v2\/media?parent=1221"}],"curies":[{"name":"wp","href":"https:\/\/api.w.org\/{rel}","templated":true}]}}